{"id":8014,"date":"2023-08-23T15:30:38","date_gmt":"2023-08-23T19:30:38","guid":{"rendered":"https:\/\/casteliers.ca\/residences-de-creation\/"},"modified":"2025-09-02T11:47:37","modified_gmt":"2025-09-02T15:47:37","slug":"residences-de-creation","status":"publish","type":"page","link":"https:\/\/casteliers.ca\/en\/residences-de-creation\/","title":{"rendered":"Creative residencies"},"content":{"rendered":"<p>&nbsp;<\/p>\n<p>Casteliers welcomes artists from here and from around the world to the Maison internationale des arts de la marionnette (MIAM) to participate in creative residencies. Each residency is an opportunity for artists to work with other puppetry professionals and to engage in dialogue with audiences at large.<\/p>\n<p>&nbsp;<\/p>\n<hr \/>\n<p>&nbsp;<\/p>\n<h3><a href=\"https:\/\/casteliers.ca\/en\/appel-a-projets-saison-2024-2025\/\"><img loading=\"lazy\" decoding=\"async\" class=\"alignnone wp-image-9474 size-full\" src=\"https:\/\/casteliers.ca\/2015\/wp-content\/uploads\/2024\/05\/Header_Appel-projet-texte-1.jpg\" alt=\"\" width=\"1458\" height=\"417\" srcset=\"https:\/\/casteliers.ca\/2015\/wp-content\/uploads\/2024\/05\/Header_Appel-projet-texte-1.jpg 1458w, https:\/\/casteliers.ca\/2015\/wp-content\/uploads\/2024\/05\/Header_Appel-projet-texte-1-300x86.jpg 300w, https:\/\/casteliers.ca\/2015\/wp-content\/uploads\/2024\/05\/Header_Appel-projet-texte-1-1024x293.jpg 1024w, https:\/\/casteliers.ca\/2015\/wp-content\/uploads\/2024\/05\/Header_Appel-projet-texte-1-768x220.jpg 768w, https:\/\/casteliers.ca\/2015\/wp-content\/uploads\/2024\/05\/Header_Appel-projet-texte-1-180x51.jpg 180w\" sizes=\"auto, (max-width: 1458px) 100vw, 1458px\" \/><\/a><\/h3>\n<p>&nbsp;<\/p>\n<p><strong>Creative research residencies for professional puppeteers from Montr\u00e9al<\/strong><\/p>\n<p>With the goal of developing puppetry, Casteliers and the Conseil des arts de Montr\u00e9al are partnering, in collaboration with the Le Schatz House, to offer two (2) creative residencies for professional puppeteers.<\/p>\n<p><strong>Information: <a href=\"https:\/\/casteliers.ca\/appel-de-projets-cam-2025-2026\/\">CLICK HERE.<\/a><\/strong><\/p>\n<p>&nbsp;<\/p>\n<hr \/>\n<p>&nbsp;<\/p>\n<h2>International creative residencies<\/h2>\n<p>&nbsp;<\/p>\n<p><strong>SEPTEMBER 2024<\/strong><\/p>\n<table style=\"border-collapse: collapse; width: 100%; height: 336px;\">\n<tbody>\n<tr style=\"height: 336px;\">\n<td style=\"width: 28.8793%; vertical-align: top; text-align: left; height: 336px;\">\n<h6><img loading=\"lazy\" decoding=\"async\" class=\"aligncenter wp-image-10181 size-medium\" src=\"https:\/\/casteliers.ca\/2015\/wp-content\/uploads\/2024\/10\/Refuges-DRAC-19.04-1-264x300.jpg\" alt=\"\" width=\"264\" height=\"300\" srcset=\"https:\/\/casteliers.ca\/2015\/wp-content\/uploads\/2024\/10\/Refuges-DRAC-19.04-1-264x300.jpg 264w, https:\/\/casteliers.ca\/2015\/wp-content\/uploads\/2024\/10\/Refuges-DRAC-19.04-1-105x120.jpg 105w, https:\/\/casteliers.ca\/2015\/wp-content\/uploads\/2024\/10\/Refuges-DRAC-19.04-1.jpg 600w\" sizes=\"auto, (max-width: 264px) 100vw, 264px\" \/><\/h6>\n<\/td>\n<td style=\"width: 6.95517%; vertical-align: top; text-align: left; height: 336px;\">\n<h6><\/h6>\n<\/td>\n<td style=\"width: 51.5219%; text-align: left; height: 336px;\"><span style=\"font-weight: 400;\"><strong>Company:<\/strong> <a href=\"https:\/\/compagniea.net\/\">COMPAGNIE \u00c0<\/a> (France)<\/span><\/p>\n<p><span style=\"font-weight: 400;\"><strong>Period:<\/strong> September 20-22, 2024<\/span><\/p>\n<p><strong>Project:<\/strong> <i><span style=\"font-weight: 400;\"><em>Refugees<\/em><\/span><\/i><span style=\"font-weight: 400;\"> (<\/span><span style=\"font-weight: 400;\">working title) <\/span><span style=\"font-weight: 400;\">&#8211; Object theatre<\/span><\/p>\n<p><span style=\"font-weight: 400;\"><strong>Residency type:<\/strong> Creative research<\/span><\/p>\n<p>&nbsp;<\/p>\n<p>&nbsp;<\/p>\n<p>&nbsp;<\/p>\n<p>&nbsp;<\/p>\n<p>&nbsp;<\/p>\n<p>&nbsp;<\/td>\n<\/tr>\n<\/tbody>\n<\/table>\n<p>&nbsp;<\/p>\n<p><strong>MARCH 2025<\/strong><\/p>\n<table style=\"border-collapse: collapse; width: 100%;\">\n<tbody>\n<tr>\n<td style=\"width: 28.8793%; vertical-align: top; text-align: left;\">\n<h6><img loading=\"lazy\" decoding=\"async\" class=\"aligncenter wp-image-10184 size-medium\" src=\"https:\/\/casteliers.ca\/2015\/wp-content\/uploads\/2024\/10\/Irene_Lentini-264x300.jpg\" alt=\"\" width=\"264\" height=\"300\" srcset=\"https:\/\/casteliers.ca\/2015\/wp-content\/uploads\/2024\/10\/Irene_Lentini-264x300.jpg 264w, https:\/\/casteliers.ca\/2015\/wp-content\/uploads\/2024\/10\/Irene_Lentini-105x120.jpg 105w, https:\/\/casteliers.ca\/2015\/wp-content\/uploads\/2024\/10\/Irene_Lentini.jpg 600w\" sizes=\"auto, (max-width: 264px) 100vw, 264px\" \/><br \/>\nPhoto: Ir\u00e8ne Lentini<\/h6>\n<p>&nbsp;<\/td>\n<td style=\"width: 6.95517%; vertical-align: top; text-align: left;\">\n<h6><\/h6>\n<\/td>\n<td style=\"width: 51.5219%; text-align: left;\"><span style=\"font-weight: 400;\"><strong>Artist:<\/strong> IR\u00c8NE LENTINI (Italy) <\/span><\/p>\n<p><span style=\"font-weight: 400;\"><strong>Period:<\/strong> March 3-30, 2025<\/span><\/p>\n<p><strong>Project: <\/strong><em>Skin \u2013 la peau de la b\u00eate \u2013 <\/em>Puppetry and acting<\/p>\n<p><span style=\"font-weight: 400;\"><strong>Residency type: <\/strong><\/span>International cross-residency<\/p>\n<p><strong>Support: <\/strong>Conseil des arts de Montr\u00e9al (CAM) La route de l\u2019art program and Teatro del drago<\/p>\n<p>&nbsp;<\/p>\n<p>&nbsp;<\/p>\n<p>&nbsp;<\/p>\n<p>&nbsp;<\/p>\n<p>&nbsp;<\/td>\n<\/tr>\n<\/tbody>\n<\/table>\n<p>&nbsp;<\/p>\n<p>&nbsp;<\/p>\n<hr style=\"padding-left: 40px;\" \/>\n<h2>nationale creative residency<\/h2>\n<p>&nbsp;<\/p>\n<p><strong>NOVEMBER 2024<\/strong><\/p>\n<table style=\"border-collapse: collapse; width: 100%;\">\n<tbody>\n<tr>\n<td style=\"width: 28.8793%; vertical-align: top; text-align: left;\">\n<h6><img loading=\"lazy\" decoding=\"async\" class=\"aligncenter wp-image-10191 size-medium\" src=\"https:\/\/casteliers.ca\/2015\/wp-content\/uploads\/2024\/10\/JOANY-DARSIGNY-_Jean-Jean-264x300.jpg\" alt=\"\" width=\"264\" height=\"300\" srcset=\"https:\/\/casteliers.ca\/2015\/wp-content\/uploads\/2024\/10\/JOANY-DARSIGNY-_Jean-Jean-264x300.jpg 264w, https:\/\/casteliers.ca\/2015\/wp-content\/uploads\/2024\/10\/JOANY-DARSIGNY-_Jean-Jean-105x120.jpg 105w, https:\/\/casteliers.ca\/2015\/wp-content\/uploads\/2024\/10\/JOANY-DARSIGNY-_Jean-Jean.jpg 600w\" sizes=\"auto, (max-width: 264px) 100vw, 264px\" \/><br \/>\nPhoto: Eli Cort\u00e9s Carre\u00f3n<\/h6>\n<\/td>\n<td style=\"width: 7.75517%; vertical-align: top; text-align: left;\">\n<h6><\/h6>\n<\/td>\n<td style=\"width: 50.7219%; text-align: left;\"><span style=\"font-weight: 400;\"><strong>Artist: <\/strong><\/span>JOANY DARSIGNY<\/p>\n<p><span style=\"font-weight: 400;\"><strong>Period:<\/strong> November 25-29, 2024<\/span><\/p>\n<p><strong>Project:<\/strong> H<em>eavy Duty \u2013\u00a0Le clair-obscur des \u00e9clats de souffles<\/em> \u2013 Puppetry and sign language<\/p>\n<p><span style=\"font-weight: 400;\"><strong>Residency type:<\/strong> Creative research<\/span><\/p>\n<p>&nbsp;<\/p>\n<p>&nbsp;<\/p>\n<p>&nbsp;<\/p>\n<p>&nbsp;<\/p>\n<p>&nbsp;<\/p>\n<p>&nbsp;<\/p>\n<p>&nbsp;<\/p>\n<p>&nbsp;<\/td>\n<\/tr>\n<\/tbody>\n<\/table>\n<p><strong>DECEMBER 2024<\/strong><\/p>\n<table style=\"border-collapse: collapse; width: 100%;\">\n<tbody>\n<tr>\n<td style=\"width: 28.8793%; vertical-align: top; text-align: left;\">\n<h6><img loading=\"lazy\" decoding=\"async\" class=\"aligncenter wp-image-10194 size-medium\" src=\"https:\/\/casteliers.ca\/2015\/wp-content\/uploads\/2024\/10\/OMBRES-FOLLES-264x300.jpg\" alt=\"\" width=\"264\" height=\"300\" srcset=\"https:\/\/casteliers.ca\/2015\/wp-content\/uploads\/2024\/10\/OMBRES-FOLLES-264x300.jpg 264w, https:\/\/casteliers.ca\/2015\/wp-content\/uploads\/2024\/10\/OMBRES-FOLLES-105x120.jpg 105w, https:\/\/casteliers.ca\/2015\/wp-content\/uploads\/2024\/10\/OMBRES-FOLLES.jpg 600w\" sizes=\"auto, (max-width: 264px) 100vw, 264px\" \/><br \/>\nPhoto: Jean Jean<\/h6>\n<\/td>\n<td style=\"width: 7.75517%; vertical-align: top; text-align: left;\">\n<h6><\/h6>\n<\/td>\n<td style=\"width: 50.7219%; text-align: left;\"><span style=\"font-weight: 400;\"><strong>Company: <\/strong><a href=\"https:\/\/ombresfolles.ca\/\">OMBRES FOLLES<\/a><\/span><\/p>\n<p><span style=\"font-weight: 400;\"><strong>Period:<\/strong> December 2-10, 2024<\/span><\/p>\n<p><strong>Project: <\/strong><em>O Mensch !<\/em>\u00a0\u2013 Shadow theatre and opera<\/p>\n<p><span style=\"font-weight: 400;\"><strong>Residency type:<\/strong> Creative research<\/span><\/p>\n<p>&nbsp;<\/p>\n<p>&nbsp;<\/p>\n<p>&nbsp;<\/p>\n<p>&nbsp;<\/p>\n<p>&nbsp;<\/p>\n<p>&nbsp;<\/p>\n<p>&nbsp;<\/td>\n<\/tr>\n<\/tbody>\n<\/table>\n<p><strong>MARCH, APRIL and JUNE 2025<\/strong><\/p>\n<table style=\"border-collapse: collapse; width: 100%;\">\n<tbody>\n<tr>\n<td style=\"width: 28.8793%; vertical-align: top; text-align: left;\">\n<h6><img loading=\"lazy\" decoding=\"async\" class=\"aligncenter wp-image-10200 size-medium\" src=\"https:\/\/casteliers.ca\/2015\/wp-content\/uploads\/2024\/10\/Elisabeth-Bosquet-264x300.jpg\" alt=\"\" width=\"264\" height=\"300\" srcset=\"https:\/\/casteliers.ca\/2015\/wp-content\/uploads\/2024\/10\/Elisabeth-Bosquet-264x300.jpg 264w, https:\/\/casteliers.ca\/2015\/wp-content\/uploads\/2024\/10\/Elisabeth-Bosquet-105x120.jpg 105w, https:\/\/casteliers.ca\/2015\/wp-content\/uploads\/2024\/10\/Elisabeth-Bosquet.jpg 600w\" sizes=\"auto, (max-width: 264px) 100vw, 264px\" \/><\/h6>\n<p>&nbsp;<\/td>\n<td style=\"width: 7.75517%; vertical-align: top; text-align: left;\">\n<h6><\/h6>\n<\/td>\n<td style=\"width: 50.7219%; text-align: left;\"><span style=\"font-weight: 400;\"><strong>Artist: <\/strong><\/span><a href=\"https:\/\/theatre.uqam.ca\/diplomes\/elisabeth-bosquet\/\">ELISABETH BOSQUET<\/a><\/p>\n<p><span style=\"font-weight: 400;\"><strong>Period:<\/strong> March 31 to April 11, and June 16-27, 2025<\/span><\/p>\n<p><strong>Project: <\/strong><em>Corposcopie<\/em> \u2013\u00a0Object theatre<\/p>\n<p><span style=\"font-weight: 400;\"><strong>Residency type:<\/strong> Part of the program to support emerging talent.<\/span><\/p>\n<p><span style=\"font-weight: 400;\"><strong>Support: <\/strong><\/span>Association qu\u00e9b\u00e9coise des marionnettistes (AQM) and Conseil des arts et des lettres du Qu\u00e9bec (CALQ)<\/p>\n<p><a href=\"https:\/\/aqm.ca\/laureates-du-programme-de-residence-pour-la-releve-de-laqm\/\">Press release<\/a><\/p>\n<p>&nbsp;<\/p>\n<p>&nbsp;<\/p>\n<p>&nbsp;<\/p>\n<p>&nbsp;<\/td>\n<\/tr>\n<\/tbody>\n<\/table>\n<hr style=\"padding-left: 40px;\" \/>\n<h2>MONTR\u00c9AL AREA CREATIVE RESIDENCIES<\/h2>\n<p>&nbsp;<\/p>\n<p><strong>JANUARY 2025<\/strong><\/p>\n<table style=\"border-collapse: collapse; width: 100%; height: 344px;\">\n<tbody>\n<tr style=\"height: 344px;\">\n<td style=\"width: 28.8793%; vertical-align: top; text-align: left; height: 344px;\">\n<h6><img loading=\"lazy\" decoding=\"async\" class=\"aligncenter wp-image-10206 size-medium\" src=\"https:\/\/casteliers.ca\/2015\/wp-content\/uploads\/2024\/10\/VALISE_THEATRE-264x300.jpg\" alt=\"\" width=\"264\" height=\"300\" srcset=\"https:\/\/casteliers.ca\/2015\/wp-content\/uploads\/2024\/10\/VALISE_THEATRE-264x300.jpg 264w, https:\/\/casteliers.ca\/2015\/wp-content\/uploads\/2024\/10\/VALISE_THEATRE-105x120.jpg 105w, https:\/\/casteliers.ca\/2015\/wp-content\/uploads\/2024\/10\/VALISE_THEATRE.jpg 600w\" sizes=\"auto, (max-width: 264px) 100vw, 264px\" \/><br \/>\nPhoto: Nicola-Frank Vachon<\/h6>\n<p>&nbsp;<\/td>\n<td style=\"width: 7.15517%; vertical-align: top; text-align: left; height: 344px;\">\n<h6><\/h6>\n<\/td>\n<td style=\"width: 51.3219%; text-align: left; height: 344px;\"><span style=\"font-weight: 400;\"><strong>Company:<\/strong> <a href=\"https:\/\/valisetheatre.com\/notre-equipe\/\">VALISE TH\u00c9\u00c2TRE<\/a>\u00a0<\/span><\/p>\n<p><span style=\"font-weight: 400;\"><strong>Period:<\/strong> January 13-24, 2025<\/span><\/p>\n<p><strong>Project:<\/strong> <i><\/i><em>Des lignes \u2013\u00a0<\/em>Visual and mathematic theatre<\/p>\n<p><span style=\"font-weight: 400;\"><strong>Residency type:<\/strong> In collaboration with the Le Schatz House<\/span><\/p>\n<p><span style=\"font-weight: 400;\"><strong>Support:<\/strong> Conseil des arts de Montr\u00e9al (CAM)<\/span><\/p>\n<p><a href=\"https:\/\/casteliers.ca\/2015\/wp-content\/uploads\/2024\/07\/Comm_laureat_residences-CAM_2024-2025_EN-3.pdf\">Press release<\/a><\/p>\n<p>&nbsp;<\/p>\n<p>&nbsp;<\/td>\n<\/tr>\n<\/tbody>\n<\/table>\n<p>&nbsp;<\/p>\n<p><strong>APRIL and MAY 2025<\/strong><\/p>\n<table style=\"border-collapse: collapse; width: 100%; height: 344px;\">\n<tbody>\n<tr style=\"height: 344px;\">\n<td style=\"width: 28.8793%; vertical-align: top; text-align: left; height: 344px;\">\n<h6><img loading=\"lazy\" decoding=\"async\" class=\"aligncenter wp-image-10208 size-medium\" src=\"https:\/\/casteliers.ca\/2015\/wp-content\/uploads\/2024\/10\/Joanie_Fortin-264x300.jpg\" alt=\"\" width=\"264\" height=\"300\" srcset=\"https:\/\/casteliers.ca\/2015\/wp-content\/uploads\/2024\/10\/Joanie_Fortin-264x300.jpg 264w, https:\/\/casteliers.ca\/2015\/wp-content\/uploads\/2024\/10\/Joanie_Fortin-105x120.jpg 105w, https:\/\/casteliers.ca\/2015\/wp-content\/uploads\/2024\/10\/Joanie_Fortin.jpg 600w\" sizes=\"auto, (max-width: 264px) 100vw, 264px\" \/><br \/>\nIllustration: Joanie Fortin<\/h6>\n<p>&nbsp;<\/td>\n<td style=\"width: 7.15517%; vertical-align: top; text-align: left; height: 344px;\">\n<h6><\/h6>\n<\/td>\n<td style=\"width: 51.3219%; text-align: left; height: 344px;\"><span style=\"font-weight: 400;\"><strong>Artist: <\/strong><\/span>Joanie Fortin <span style=\"font-weight: 400;\">(Montr\u00e9al)<\/span><\/p>\n<p><span style=\"font-weight: 400;\"><strong>Period:<\/strong> April 14-18 and May 3-9, 2025<\/span><\/p>\n<p><strong>Project: <\/strong><em>Le kiosque d\u2019information \u2013\u00a0<\/em>Puppets and objects<\/p>\n<p><span style=\"font-weight: 400;\"><strong>Residency type:<\/strong> In collaboration with the Le Schatz House<\/span><\/p>\n<p><span style=\"font-weight: 400;\"><strong>Support:<\/strong> Conseil des arts de Montr\u00e9al (CAM)<\/span><\/p>\n<p><a href=\"https:\/\/casteliers.ca\/2015\/wp-content\/uploads\/2024\/07\/Comm_laureat_residences-CAM_2024-2025_EN-3.pdf\">Press release<\/a><\/p>\n<p>&nbsp;<\/p>\n<p>&nbsp;<\/td>\n<\/tr>\n<\/tbody>\n<\/table>\n<p>&nbsp;<\/p>\n<hr \/>\n<p>&nbsp;<\/p>\n","protected":false},"excerpt":{"rendered":"<p>&nbsp; Casteliers welcomes artists from here and from around the world to the Maison internationale des arts de la marionnette (MIAM) to participate in creative residencies. Each residency is an opportunity for artists to work with other puppetry professionals and to engage in dialogue with audiences at large. &nbsp; &nbsp; &nbsp; Creative research residencies for [&hellip;]<\/p>\n","protected":false},"author":7,"featured_media":0,"parent":0,"menu_order":35,"comment_status":"closed","ping_status":"closed","template":"","meta":{"footnotes":"","_links_to":"","_links_to_target":""},"class_list":["post-8014","page","type-page","status-publish","hentry"],"_links":{"self":[{"href":"https:\/\/casteliers.ca\/en\/wp-json\/wp\/v2\/pages\/8014","targetHints":{"allow":["GET"]}}],"collection":[{"href":"https:\/\/casteliers.ca\/en\/wp-json\/wp\/v2\/pages"}],"about":[{"href":"https:\/\/casteliers.ca\/en\/wp-json\/wp\/v2\/types\/page"}],"author":[{"embeddable":true,"href":"https:\/\/casteliers.ca\/en\/wp-json\/wp\/v2\/users\/7"}],"replies":[{"embeddable":true,"href":"https:\/\/casteliers.ca\/en\/wp-json\/wp\/v2\/comments?post=8014"}],"version-history":[{"count":28,"href":"https:\/\/casteliers.ca\/en\/wp-json\/wp\/v2\/pages\/8014\/revisions"}],"predecessor-version":[{"id":11601,"href":"https:\/\/casteliers.ca\/en\/wp-json\/wp\/v2\/pages\/8014\/revisions\/11601"}],"wp:attachment":[{"href":"https:\/\/casteliers.ca\/en\/wp-json\/wp\/v2\/media?parent=8014"}],"curies":[{"name":"wp","href":"https:\/\/api.w.org\/{rel}","templated":true}]}}