{"id":5874,"date":"2019-08-27T15:07:47","date_gmt":"2019-08-27T19:07:47","guid":{"rendered":"https:\/\/casteliers.ca\/workshops\/ateliers-scolaires\/"},"modified":"2024-08-21T11:21:19","modified_gmt":"2024-08-21T15:21:19","slug":"ateliers-scolaires","status":"publish","type":"page","link":"https:\/\/casteliers.ca\/en\/ateliers-scolaires\/","title":{"rendered":"School workshops"},"content":{"rendered":"<p>&nbsp;<\/p>\n<p><strong>CASTELIERS<\/strong> offers a wide range of workshops that allow preschool, elementary and high school students to explore the art of puppetry, create simple or elaborate puppets, and learn the basics of various manipulation techniques. The different workshops can be combined to round out the experience.<\/p>\n<p>Workshops are led by professional puppeteers with extensive teaching experience. School teachers can also complement the project by participating in the making of a short video with the puppets their students created.<\/p>\n<p>Workshops can be tailored to your needs and held either at your school or at our specialized facility located at the Maison internationale des arts de la marionnette (MIAM), 30 Saint-Just Avenue in Montr\u00e9al.<\/p>\n<p>Feel free to contact us if you need any additional information. We will be happy to guide you towards the workshop that best suits your educational objectives.<\/p>\n<p>&nbsp;<\/p>\n<blockquote><p><strong>CASTELIERS <\/strong>is a non-profit organization registered with theR\u00e9pertoire culture-\u00e9ducation of the <strong>Culture \u00e0 l\u2019\u00e9cole program<\/strong> <strong>(Minist\u00e8re de l&#8217;\u00c9ducation et de l&#8217;Enseignement sup\u00e9rieur)<\/strong>, well as the <strong>A Montr\u00e9al School for All \u00a0program.<\/strong><\/p><\/blockquote>\n<p>&nbsp;<\/p>\n<p><b style=\"font-size: 1.5em;\">To request a quote, please use our <a href=\"https:\/\/casteliers.ca\/ateliers\/formulaire-de-soumission\/\" target=\"_blank\" rel=\"noopener\">online form<\/a> (in French).<\/b><\/p>\n<p><strong>For more information, contact Lynne Cooper<\/strong><strong><br \/>\n<\/strong>Community Outreach and Audience Development Coordinator<br \/>\n<a href=\"mailto:mediation@casteliers.ca\">mediation@casteliers.ca<\/a><br \/>\n514-270-2717, ext. 2<\/p>\n<p>&nbsp;<\/p>\n<blockquote><p><strong>Explore our 2024-2025 shows for school groups : <a href=\"https:\/\/casteliers.ca\/en\/representations-scolaires\/\" target=\"_blank\" rel=\"noopener\">2024-2025 SHOWS<\/a><\/strong><\/p><\/blockquote>\n<p>&nbsp;<\/p>\n","protected":false},"excerpt":{"rendered":"<p>&nbsp; CASTELIERS offers a wide range of workshops that allow preschool, elementary and high school students to explore the art of puppetry, create simple or elaborate puppets, and learn the basics of various manipulation techniques. The different workshops can be combined to round out the experience. Workshops are led by professional puppeteers with extensive teaching [&hellip;]<\/p>\n","protected":false},"author":1,"featured_media":0,"parent":0,"menu_order":65,"comment_status":"closed","ping_status":"closed","template":"page-ateliers-scolaire.php","meta":{"footnotes":"","_links_to":"","_links_to_target":""},"class_list":["post-5874","page","type-page","status-publish","hentry"],"_links":{"self":[{"href":"https:\/\/casteliers.ca\/en\/wp-json\/wp\/v2\/pages\/5874","targetHints":{"allow":["GET"]}}],"collection":[{"href":"https:\/\/casteliers.ca\/en\/wp-json\/wp\/v2\/pages"}],"about":[{"href":"https:\/\/casteliers.ca\/en\/wp-json\/wp\/v2\/types\/page"}],"author":[{"embeddable":true,"href":"https:\/\/casteliers.ca\/en\/wp-json\/wp\/v2\/users\/1"}],"replies":[{"embeddable":true,"href":"https:\/\/casteliers.ca\/en\/wp-json\/wp\/v2\/comments?post=5874"}],"version-history":[{"count":8,"href":"https:\/\/casteliers.ca\/en\/wp-json\/wp\/v2\/pages\/5874\/revisions"}],"predecessor-version":[{"id":9819,"href":"https:\/\/casteliers.ca\/en\/wp-json\/wp\/v2\/pages\/5874\/revisions\/9819"}],"wp:attachment":[{"href":"https:\/\/casteliers.ca\/en\/wp-json\/wp\/v2\/media?parent=5874"}],"curies":[{"name":"wp","href":"https:\/\/api.w.org\/{rel}","templated":true}]}}