{"id":3795,"date":"2019-08-26T14:43:55","date_gmt":"2019-08-26T18:43:55","guid":{"rendered":"https:\/\/casteliers.ca\/?page_id=3795"},"modified":"2023-05-04T15:49:19","modified_gmt":"2023-05-04T19:49:19","slug":"board-of-directors","status":"publish","type":"page","link":"https:\/\/casteliers.ca\/en\/board-of-directors\/","title":{"rendered":"Board of Directors and committees"},"content":{"rendered":"<h3>Board of Directors<\/h3>\n<ul>\n<li>President: <strong>Fran\u00e7ois Bissonnette<\/strong>, President, Owner and Founder, REALTA Agence immobili\u00e8re<\/li>\n<li>Vice-President: <strong>H\u00e9l\u00e8ne Hayot<\/strong>, Consultant<\/li>\n<li>Secretary:\u00a0<strong>Anne-Marie Panneton<\/strong>, Activity Coordinator, Carmelle and R\u00e9mi-Marcoux Chair in Arts Managment, HEC Montr\u00e9al<\/li>\n<li>Treasurer:<strong>\u00a0Jo\u00ebl Hamelin<\/strong>, Cost of Returns Leader, Fenplast<\/li>\n<li>Administrator : <strong>Bernest Durandisse<\/strong>, Director, Specialty Acquisitions, TD Bank Group<\/li>\n<li>Administrator: <strong>Louise Lapointe<\/strong>, Casteliers Artistic Director<\/li>\n<li>Administrator:\u00a0<strong>Laurent Soustiel<\/strong>, Lawyer<\/li>\n<\/ul>\n<p><strong>Honorary members:<\/strong><\/p>\n<ul>\n<li><strong>Dominique Jobin<\/strong>, Lawyer<\/li>\n<li><strong>Martine Beaulne<\/strong>, Stage Director<\/li>\n<\/ul>\n<p>&nbsp;<\/p>\n<h3>Artistic Committee<\/h3>\n<ul>\n<li><b>Louise Lapointe<\/b>, Casteliers Artistic Director<\/li>\n<li><b>Marcelle Hudon<\/b>, Puppeteer<\/li>\n<li><b>Francis Monty<\/b>, Playwright and Puppeteer<\/li>\n<li><b>Karine St-Arnaud<\/b>, Actor and Puppeteer<\/li>\n<li><b>Mark Sussman<\/b>, Concordia University Professor and Puppeteer<\/li>\n<li><strong>Yana KM<\/strong>, Puppeteer and photographer<\/li>\n<li><strong>Agn\u00e8s Zacharie<\/strong>, Playwright, Stage Director, Actor and Puppeteer<\/li>\n<\/ul>\n<p>&nbsp;<\/p>\n<h3><strong>Financing Committee<\/strong><\/h3>\n<ul>\n<li><strong>Genevi\u00e8ve Therrien<\/strong>, Executive Director, Casteliers<\/li>\n<li><strong>Louise Lapointe<\/strong>, Artistic Director, Casteliers<\/li>\n<li><strong>Marie-\u00c8ve Fortier<\/strong>, Director of Communications and Marketing, Casteliers<\/li>\n<li><strong>Bernest Durandisse<\/strong>, Director, Specialized Acquisition, TD Bank Group<\/li>\n<li><strong>Anne-Marie Panneton<\/strong>, responsible for organizing activities, Carmelle and R\u00e9mi-Marcoux Chair in Arts Management, HEC Montr\u00e9al<\/li>\n<li><strong>Marie-Claude Lheureux<\/strong>, volunteer<\/li>\n<li><strong>Michel G. Barette<\/strong>, volunteer<\/li>\n<\/ul>\n<h3><\/h3>\n<h3>Sustainable Development Committee<\/h3>\n<ul>\n<li><strong>Genevi\u00e8ve Therrien<\/strong>, Executive Director, Casteliers<\/li>\n<li><strong>Julie Laviolette<\/strong>, MIAM coordinator<\/li>\n<li><strong>Vincent Ranallo<\/strong>, coordinator of the AQM<\/li>\n<li><strong>Pavla Mano<\/strong>, artist and cultural mediator at Casteliers, in charge of the reception and logistics of the Festival de Casteliers and artistic director of Puzzle Th\u00e9\u00e2tre<\/li>\n<li><strong>Lucile Prosper<\/strong>, general and artistic co-coordinator of OUF! Festival Off Casteliers and co-director and puppeteer of the Aluma company<\/li>\n<\/ul>\n","protected":false},"excerpt":{"rendered":"<p>Board of Directors President: Fran\u00e7ois Bissonnette, President, Owner and Founder, REALTA Agence immobili\u00e8re Vice-President: H\u00e9l\u00e8ne Hayot, Consultant Secretary:\u00a0Anne-Marie Panneton, Activity Coordinator, Carmelle and R\u00e9mi-Marcoux Chair in Arts Managment, HEC Montr\u00e9al Treasurer:\u00a0Jo\u00ebl Hamelin, Cost of Returns Leader, Fenplast Administrator : Bernest Durandisse, Director, Specialty Acquisitions, TD Bank Group Administrator: Louise Lapointe, Casteliers Artistic Director Administrator:\u00a0Laurent Soustiel, [&hellip;]<\/p>\n","protected":false},"author":4,"featured_media":0,"parent":0,"menu_order":95,"comment_status":"closed","ping_status":"closed","template":"","meta":{"footnotes":"","_links_to":"","_links_to_target":""},"class_list":["post-3795","page","type-page","status-publish","hentry"],"_links":{"self":[{"href":"https:\/\/casteliers.ca\/en\/wp-json\/wp\/v2\/pages\/3795","targetHints":{"allow":["GET"]}}],"collection":[{"href":"https:\/\/casteliers.ca\/en\/wp-json\/wp\/v2\/pages"}],"about":[{"href":"https:\/\/casteliers.ca\/en\/wp-json\/wp\/v2\/types\/page"}],"author":[{"embeddable":true,"href":"https:\/\/casteliers.ca\/en\/wp-json\/wp\/v2\/users\/4"}],"replies":[{"embeddable":true,"href":"https:\/\/casteliers.ca\/en\/wp-json\/wp\/v2\/comments?post=3795"}],"version-history":[{"count":23,"href":"https:\/\/casteliers.ca\/en\/wp-json\/wp\/v2\/pages\/3795\/revisions"}],"predecessor-version":[{"id":7455,"href":"https:\/\/casteliers.ca\/en\/wp-json\/wp\/v2\/pages\/3795\/revisions\/7455"}],"wp:attachment":[{"href":"https:\/\/casteliers.ca\/en\/wp-json\/wp\/v2\/media?parent=3795"}],"curies":[{"name":"wp","href":"https:\/\/api.w.org\/{rel}","templated":true}]}}