{"id":3792,"date":"2019-08-26T14:42:34","date_gmt":"2019-08-26T18:42:34","guid":{"rendered":"https:\/\/casteliers.ca\/?page_id=3792"},"modified":"2026-03-30T15:22:47","modified_gmt":"2026-03-30T19:22:47","slug":"team","status":"publish","type":"page","link":"https:\/\/casteliers.ca\/en\/team\/","title":{"rendered":"Team, Board and Committees"},"content":{"rendered":"<p><span style=\"font-weight: 400;\">Casteliers\u2019 cornerstone: a talented and dedicated team.<\/span><\/p>\n<p>&nbsp;<\/p>\n<h2>TEAM<\/h2>\n<p>&nbsp;<\/p>\n<p><b>Genevi\u00e8ve Therrien<\/b><b><br \/>\n<\/b><span style=\"font-weight: 400;\">Executive Director<\/span><span style=\"font-weight: 400;\"><br \/>\n<\/span><a href=\"mailto:dg@casteliers.ca\"><span style=\"font-weight: 400;\">dg@casteliers.ca<\/span><\/a><\/p>\n<p><b>Myriame Larose<\/b><span style=\"font-weight: 400;\"><br \/>\n<\/span><span style=\"font-weight: 400;\">Artistic Director<\/span><span style=\"font-weight: 400;\"><br \/>\n<\/span><a href=\"mailto:artistique@casteliers.ca\"><span style=\"font-weight: 400;\">artistique@casteliers.ca<\/span><\/a><\/p>\n<p><strong>S\u00e9bastien Boutonnet<\/strong><br \/>\nAdministrative Director and r<span style=\"font-weight: 400;\">esponsable for personal information<br \/>\n<\/span><a href=\"mailto:administration@casteliers.ca\"><span style=\"font-weight: 400;\">administration@casteliers.ca<\/span><\/a><\/p>\n<p><b>V\u00e9ronique Beaudoin<\/b><span style=\"font-weight: 400;\"><br \/>\n<\/span><span style=\"font-weight: 400;\">Communications and Marketing Director<\/span><span style=\"font-weight: 400;\"><br \/>\n<\/span><a href=\"mailto:communications@casteliers.ca\"><span style=\"font-weight: 400;\">communications@casteliers.ca<\/span><\/a><\/p>\n<p><span style=\"font-weight: 400;\"><strong>\u00c9ric Simard<\/strong><br \/>\nProduction and Technical Director<\/span><span style=\"font-weight: 400;\"><br \/>\n<\/span><a href=\"mailto:technique@casteliers.ca\"><span style=\"font-weight: 400;\">technique@<\/span><span style=\"font-weight: 400;\">casteliers.ca<\/span><\/a><\/p>\n<p><b>Lynne Cooper<\/b><span style=\"font-weight: 400;\"><br \/>\n<\/span><span style=\"font-weight: 400;\">Community Outreach and Audience Development Coordinator<\/span><span style=\"font-weight: 400;\"><br \/>\n<\/span><a href=\"mailto:mediation@casteliers.ca\"><span style=\"font-weight: 400;\">mediation@casteliers.ca<\/span><\/a><\/p>\n<p><b>Fr\u00e9d\u00e9rique Simard<\/b><span style=\"font-weight: 400;\"><br \/>\n<\/span><span style=\"font-weight: 400;\">Accounting and Administrative Support Technician<br \/>\n<\/span><a href=\"mailto:comptabilite@casteliers.ca\"><span style=\"font-weight: 400;\">comptabilite@casteliers.ca<\/span><\/a><\/p>\n<p><strong>Sam Sussman<\/strong><br \/>\nTechnical Assistant<br \/>\n<a href=\"mailto:adj.technique@casteliers.ca\" target=\"_blank\" rel=\"noopener\">adj.technique@casteliers.ca<\/a><\/p>\n<p>&nbsp;<\/p>\n<h2>SCHOOL TEAM<\/h2>\n<p>Flavia Hevia, Maggie Winston, Pavla Mano, Karine St-Arnaud, Claude Rodrigue, C\u00e9line Chevrier, Kristina Troske et Ir\u00e8ne Galesso.<\/p>\n<p>&nbsp;<\/p>\n<h2>BOARD OF DIRECTORS<\/h2>\n<p>&nbsp;<\/p>\n<p><span style=\"font-weight: 400;\">President: <strong>Fran\u00e7ois Bissonnette<\/strong>, President, Owner and Founder, REALTA Agence immobili\u00e8re<\/span><\/p>\n<p><span style=\"font-weight: 400;\">Vice-President: <strong>H\u00e9l\u00e8ne Hayot<\/strong>, Consultant<\/span><\/p>\n<p>Treasurer: <strong>Jean-Fran\u00e7ois Oligny<\/strong>, Associate, PlanAxion Solutions Inc.<\/p>\n<p><span style=\"font-weight: 400;\">Secretary:\u00a0<strong>Anne-Marie Panneton<\/strong>, Activity Coordinator, Carmelle and R\u00e9mi-Marcoux Chair in Arts Management, HEC Montr\u00e9al<\/span><\/p>\n<p><span style=\"font-weight: 400;\">Administrator: <strong>Bernest Durandisse<\/strong>, M.Sc., CRHA<\/span><\/p>\n<p><span style=\"font-weight: 400;\">Administrator: <strong>Louise Lapointe<\/strong>, President, UNIMA International<\/span><\/p>\n<p><span style=\"font-weight: 400;\">Administrator:\u00a0<strong>Laurent Soustiel<\/strong>, Lawyer<\/span><\/p>\n<p>&nbsp;<\/p>\n<h2>artistiC COMMITTEE<\/h2>\n<p>&nbsp;<\/p>\n<p><b>Myriame Larose<\/b>, Artistic Director, Casteliers<\/p>\n<p><b>Karine St-Arnaud<\/b>, Actor and Puppeteer<\/p>\n<p><b>Mark Sussman<\/b>, Concordia University Professor and Puppeteer<\/p>\n<p><strong>Yana KM<\/strong>, Puppeteer and Photographer<\/p>\n<p><strong>Agn\u00e8s Zacharie<\/strong>, Playwright, Stage Director, Actor and Puppeteer<\/p>\n<p><strong>Jocelyn Sioui<\/strong>, Playwright, Performer and Puppeteer<\/p>\n<p>&nbsp;<\/p>\n<h2>FINANCING COMMITTEE<\/h2>\n<p>&nbsp;<\/p>\n<p><strong>Genevi\u00e8ve Therrien<\/strong>, Executive Director, Casteliers<\/p>\n<p><strong>Myriame Larose<\/strong>, Artistic Director, Casteliers<\/p>\n<p><strong>S\u00e9bastien Boutonnet<\/strong>, Administrative Director, Casteliers<\/p>\n<p><b>V\u00e9ronique Beaudoin, <\/b><span style=\"font-weight: 400;\">Communications and Marketing Director, Casteliers<\/span><\/p>\n<p><strong>Louise Lapointe<\/strong>, President, UNIMA International<\/p>\n<p><strong>Jean-Fran\u00e7ois Oligny<\/strong>, Associate, PlanAxion Solutions Inc.<\/p>\n<p><strong>Bernest Durandisse<\/strong>, <span style=\"font-weight: 400;\">M.Sc., CRHA<\/span><\/p>\n<p><strong>Anne-Marie Panneton<\/strong>, <span style=\"font-weight: 400;\">Activity Coordinator, Carmelle and R\u00e9mi-Marcoux Chair in Arts Management, HEC Montr\u00e9al<\/span><\/p>\n<p>&nbsp;<\/p>\n<p>&nbsp;<\/p>\n<h2>SUSTAINABLE dEvelopment COMMITTEE<\/h2>\n<p>&nbsp;<\/p>\n<p><strong>S\u00e9bastien Boutonnet<\/strong>,\u00a0<span style=\"font-family: arial, sans-serif;\">Administrative Director and responsable for personal information<\/span><\/p>\n<p><strong>Yana KM<\/strong>, Continuing Education Coordinator, AQM<\/p>\n<p><strong>Pavla Mano<\/strong>, Festival international de Casteliers Hospitality and Logistics Manager, Puzzle Th\u00e9\u00e2tre Artistic Director, Puppeteer, and Cultural Mediator<\/p>\n<div><strong><span style=\"font-family: arial, sans-serif;\">Claudie Legault<\/span><\/strong><span style=\"font-family: arial, sans-serif;\">, General and Artistic Co-Coordinator of the OUF! Festival Off Casteliers, drama teacher and puppeteer<\/span><\/div>\n","protected":false},"excerpt":{"rendered":"<p>Casteliers\u2019 cornerstone: a talented and dedicated team. &nbsp; TEAM &nbsp; Genevi\u00e8ve Therrien Executive Director dg@casteliers.ca Myriame Larose Artistic Director artistique@casteliers.ca S\u00e9bastien Boutonnet Administrative Director and responsable for personal information administration@casteliers.ca V\u00e9ronique Beaudoin Communications and Marketing Director communications@casteliers.ca \u00c9ric Simard Production and Technical Director technique@casteliers.ca Lynne Cooper Community Outreach and Audience Development Coordinator mediation@casteliers.ca Fr\u00e9d\u00e9rique Simard [&hellip;]<\/p>\n","protected":false},"author":4,"featured_media":0,"parent":0,"menu_order":78,"comment_status":"closed","ping_status":"closed","template":"","meta":{"footnotes":"","_links_to":"","_links_to_target":""},"class_list":["post-3792","page","type-page","status-publish","hentry"],"_links":{"self":[{"href":"https:\/\/casteliers.ca\/en\/wp-json\/wp\/v2\/pages\/3792","targetHints":{"allow":["GET"]}}],"collection":[{"href":"https:\/\/casteliers.ca\/en\/wp-json\/wp\/v2\/pages"}],"about":[{"href":"https:\/\/casteliers.ca\/en\/wp-json\/wp\/v2\/types\/page"}],"author":[{"embeddable":true,"href":"https:\/\/casteliers.ca\/en\/wp-json\/wp\/v2\/users\/4"}],"replies":[{"embeddable":true,"href":"https:\/\/casteliers.ca\/en\/wp-json\/wp\/v2\/comments?post=3792"}],"version-history":[{"count":41,"href":"https:\/\/casteliers.ca\/en\/wp-json\/wp\/v2\/pages\/3792\/revisions"}],"predecessor-version":[{"id":11916,"href":"https:\/\/casteliers.ca\/en\/wp-json\/wp\/v2\/pages\/3792\/revisions\/11916"}],"wp:attachment":[{"href":"https:\/\/casteliers.ca\/en\/wp-json\/wp\/v2\/media?parent=3792"}],"curies":[{"name":"wp","href":"https:\/\/api.w.org\/{rel}","templated":true}]}}