{"id":3788,"date":"2019-08-26T14:43:00","date_gmt":"2019-08-26T18:43:00","guid":{"rendered":"https:\/\/casteliers.ca\/?page_id=3788"},"modified":"2025-01-07T10:38:13","modified_gmt":"2025-01-07T15:38:13","slug":"support-us","status":"publish","type":"page","link":"https:\/\/casteliers.ca\/en\/support-us\/","title":{"rendered":"Support us"},"content":{"rendered":"<p>When you support Casteliers, you are actively supporting the many facets of puppetry arts: presentation, research and creation, as well as community outreach. Casteliers is a registered charity with the Canada Revenue Agency (no. 82105 7544 RR0001). A tax receipt will be issued for each donation of $20 or more.<\/p>\n<p class=\"symbol-main__title\" data-height-descr=\"title\"><span style=\"color: #ff6600;\"><em>Full English text coming soon<\/em><\/span><\/p>\n<p>&nbsp;<\/p>\n<hr \/>\n<p>&nbsp;<\/p>\n<h3 class=\"symbol-main__title\" data-height-descr=\"title\"><span style=\"font-weight: 400;\"><b>Ensemble, faisons vivre les arts de la marionnette !<\/b><\/span><\/h3>\n<p><b><span style=\"font-weight: 400;\">Soutenir Casteliers, c\u2019est avant tout <\/span><span style=\"font-weight: 400;\">soutenir <\/span>la diffusion<span style=\"font-weight: 400;\">, <\/span>la recherche<span style=\"font-weight: 400;\">, <\/span>la cr\u00e9ation<span style=\"font-weight: 400;\"> ainsi que <\/span>les activit\u00e9s de m\u00e9diation<span style=\"font-weight: 400;\"><strong> culturelle<\/strong> entourant les arts de la marionnette.<\/span>\u00a0<\/b><\/p>\n<p style=\"text-align: left;\"><span style=\"color: #ffffff;\"><a class=\"miam_bouton\" style=\"color: #ffffff;\" href=\"https:\/\/www.canadahelps.org\/fr\/dn\/72393\" target=\"_blank\" rel=\"noopener noreferrer\">Je fais un don !<\/a><\/span><\/p>\n<h3 class=\"symbol-main__title\" data-height-descr=\"title\"><b><\/b><b><\/b><span style=\"font-weight: 400;\">D\u00e9couvrez diff\u00e9rentes fa\u00e7ons de soutenir Casteliers tout en b\u00e9n\u00e9ficiant d&#8217;incitatifs fiscaux. <\/span><span style=\"font-weight: 400;\">En faisant un don, vous contribuez \u00e0 :\u00a0<\/span><\/h3>\n<ul>\n<li style=\"font-weight: 400;\"><b>ASSURER<\/b><span style=\"font-weight: 400;\"> le maintien et la qualit\u00e9 de la programmation des spectacles.<\/span><\/li>\n<li style=\"font-weight: 400;\"><b>FAVORISER<\/b><span style=\"font-weight: 400;\"> l\u2019accessibilit\u00e9 aux arts de la marionnette, sous toutes ses formes, pour tous les publics.<\/span><\/li>\n<li style=\"font-weight: 400;\"><b>FAIRE RAYONNER<\/b><span style=\"font-weight: 400;\"> le savoir-faire et <\/span><b>PARTICIPER<\/b><span style=\"font-weight: 400;\"> \u00e0 l\u2019enrichissement de la cr\u00e9ation artistique.<\/span><\/li>\n<li style=\"font-weight: 400;\"><b>SOUTENIR<\/b> la rel\u00e8ve qu\u00e9b\u00e9coise et les talents d\u2019ici et d\u2019ailleurs.<\/li>\n<\/ul>\n<p>&nbsp;<\/p>\n<table style=\"border-collapse: collapse; width: 102.573%;\">\n<tbody>\n<tr>\n<td style=\"width: 49.1553%;\"><span style=\"color: #ff6600;\"><b>Dons ponctuels<\/b><\/span><\/p>\n<p><span style=\"font-weight: 400;\">Peu importe le montant, chaque don fait une diff\u00e9rence. Que vous donniez 25 $, 50 $, 100 $ ou m\u00eame 500 $, vous soutenez la mission de Casteliers et contribuez \u00e0 rendre <\/span><span style=\"font-weight: 400;\">les bienfaits de l\u2019art de la marionnette accessible \u00e0 tous et toutes.<\/span><\/p>\n<p><span style=\"color: #ffffff;\"><a class=\"miam_bouton\" style=\"color: #ffffff;\" href=\"https:\/\/www.canadahelps.org\/fr\/dn\/72393\" target=\"_blank\" rel=\"noopener noreferrer\">Je donne ponctuellement !<\/a><\/span><\/td>\n<td style=\"width: 1.59684%;\"><\/td>\n<td style=\"width: 51.8205%;\">\n<h4><span style=\"color: #ff6600;\"><strong>Dons mensuels\u00a0<\/strong><\/span><\/h4>\n<p><span style=\"font-weight: 400;\">Pourquoi pas un soutien r\u00e9gulier ? Un don mensuel, quel que soit le montant, permet \u00e0 Casteliers de planifier ses ateliers de m\u00e9diation et ses r\u00e9sidences tout au long de l\u2019ann\u00e9e.<\/span><\/p>\n<p><span style=\"color: #ffffff;\"><a class=\"miam_bouton\" style=\"color: #ffffff;\" href=\"https:\/\/www.canadahelps.org\/fr\/dn\/72393\" target=\"_blank\" rel=\"noopener noreferrer\">Je soutiens \u00e0 long terme !<\/a><\/span><\/p>\n<p>&nbsp;<\/td>\n<\/tr>\n<\/tbody>\n<\/table>\n<p>&nbsp;<\/p>\n<p style=\"text-align: left;\"><span style=\"color: #ff6600;\"><b>Mardi je donne<\/b><\/span><\/p>\n<p>Chaque ann\u00e9e, Casteliers se joint au mouvement mondial de la g\u00e9n\u00e9rosit\u00e9 en adh\u00e9rant \u00e0 la campagne\u00a0<i>Mardi je donne<\/i>, qui aura lieu le 3 d\u00e9cembre 2024.<\/p>\n<p>Pour cette \u00e9dition, nous avons fix\u00e9 un objectif de 3 500 $ pour soutenir la\u00a0<b>Grande parade de marionnettes de notre 20e anniversaire<\/b>, pr\u00e9vue lors de la F\u00eate de l\u2019hiver d\u2019Outremont en f\u00e9vrier prochain.<\/p>\n<p>Nous vous invitons \u00e0 poser un geste g\u00e9n\u00e9reux en contribuant \u00e0 notre campagne\u00a0<i>Mardi je donne<\/i>, et \u00e0 c\u00e9l\u00e9brer deux d\u00e9cennies de d\u00e9couvertes avec nous. Rejoignez-nous, le compte \u00e0 rebours est lanc\u00e9!<\/p>\n<p><span style=\"color: #ffffff;\"><a class=\"miam_bouton\" style=\"color: #ffffff;\" href=\"https:\/\/www.canadahelps.org\/fr\/dn\/122633\" target=\"_blank\" rel=\"noopener noreferrer\">Mardi je donne<\/a><\/span><\/p>\n<p>&nbsp;<\/p>\n<p><span style=\"color: #ff6600;\"><b>Faire un don par courrier ou en personne\u00a0<\/b><\/span><\/p>\n<p><span style=\"font-weight: 400;\">Pr\u00e9f\u00e9rez-vous faire un don en personne ou par ch\u00e8que ? <\/span><\/p>\n<p><span style=\"font-weight: 400;\">Adressez votre don \u00e0 Casteliers, accompagn\u00e9 du <\/span><a href=\"https:\/\/casteliers.ca\/2015\/wp-content\/uploads\/2024\/04\/Formulaire_don_campagne-annuelle_form.pdf\"><span style=\"font-weight: 400;\">formulaire de don rempli et imprim\u00e9<\/span><\/a>, <span style=\"font-weight: 400;\">\u00e0 l\u2019adresse suivante :<\/span><\/p>\n<p style=\"text-align: left;\"><span style=\"color: #ffffff;\"><span style=\"color: #000000;\"><b>Casteliers<\/b><b><br \/>\n<\/b><b>30, avenue Saint-Just<\/b><b><br \/>\n<\/b><b>Montr\u00e9al (Qu\u00e9bec) H2V 1X8<\/b><\/span><\/span><\/p>\n<p><span style=\"font-weight: 400;\">Casteliers est un organisme enregistr\u00e9 aupr\u00e8s de l\u2019Agence du revenu du Canada (n\u00b0 82105 7544 RR0001). <\/span><span style=\"font-weight: 400;\">Un re\u00e7u aux fins d\u2019imp\u00f4ts sera remis pour chaque don de 20 $ et plus.<\/span><\/p>\n<p>&nbsp;<\/p>\n<h3 class=\"symbol-main__title\" data-height-descr=\"title\"><span style=\"font-weight: 400;\"><b>Saviez-vous que ? <\/b><\/span><\/h3>\n<p><b>Un premier don important en culture vous permet de maximiser vos avantages fiscaux tout en soutenant un organisme culturel en plein essor.\u00a0\u00a0<\/b><\/p>\n<p><span style=\"font-weight: 400;\">Il n&#8217;y a plus de date limite pour b\u00e9n\u00e9ficier du cr\u00e9dit d&#8217;imp\u00f4t sur votre premier don en culture. Le gouvernement du Qu\u00e9bec offre un cr\u00e9dit de 25 % pour un don individuel de 5 000 $ \u00e0 25 000 $ \u00e0 un organisme culturel. Cela signifie que le co\u00fbt r\u00e9el de votre don pourrait \u00eatre inf\u00e9rieur \u00e0 un quart du montant total. C\u2019est une occasion exceptionnelle pour multiplier l\u2019impact de votre soutien \u00e0 Casteliers !<\/span><\/p>\n<p><span style=\"font-weight: 400;\">Pour plus d&#8217;informations, consultez le site de <a href=\"https:\/\/www.revenuquebec.ca\/fr\/citoyens\/credits-dimpot\/credits-dimpot-pour-dons\/\">Revenu Qu\u00e9bec<\/a>. Nous vous recommandons \u00e9galement de demander l\u2019avis d\u2019un\u00b7e expert\u00b7e pour maximiser vos avantages fiscaux.<\/span><\/p>\n<p>&nbsp;<\/p>\n<h3 class=\"symbol-main__title\" data-height-descr=\"title\"><b>Ensemble, faisons briller les arts de la marionnette !<\/b><\/h3>\n<p>Votre soutien est pr\u00e9cieux et nous vous en remercions chaleureusement. Casteliers est ravi de vous avoir \u00e0 nos c\u00f4t\u00e9s pour faire briller le travail des marionnettistes et de partager des moments d\u2019enchantement avec le plus grand nombre.<\/p>\n<p class=\"p1\">Questions ou commentaires? Contactez Louise Lanneau, responsable du financement priv\u00e9 et du d\u00e9veloppement philanthropique \u00e0\u00a0<a href=\"mailto:financement@casteliers.ca\">financement@casteliers.ca<\/a><\/p>\n<h5><img loading=\"lazy\" decoding=\"async\" class=\"aligncenter size-full wp-image-10359\" src=\"https:\/\/casteliers.ca\/2015\/wp-content\/uploads\/2024\/11\/0150_Casteliers_devoilement_festival-2024_195_print.jpg\" alt=\"\" width=\"6000\" height=\"4089\" \/>D\u00e9voilement de la programmation du Festival international de Casteliers, 2024 \u00a9 Christian Brault.<\/h5>\n<p>&nbsp;<\/p>\n<hr \/>\n<p id=\"symbol-title\" class=\"symbol-main__title\" data-height-descr=\"title\"><span style=\"font-weight: 400;\">\u00a0<\/span><\/p>\n<h2 class=\"symbol-main__title\" data-height-descr=\"title\"><span style=\"font-weight: 400;\">\u2794 <\/span>DONATEUR.TRICES<\/h2>\n<p>&nbsp;<\/p>\n<p>La liste des donateur\u00b7trices 2024-2025, sera disponible plus tard.<\/p>\n<p>&nbsp;<\/p>\n<p>&nbsp;<\/p>\n","protected":false},"excerpt":{"rendered":"<p>When you support Casteliers, you are actively supporting the many facets of puppetry arts: presentation, research and creation, as well as community outreach. Casteliers is a registered charity with the Canada Revenue Agency (no. 82105 7544 RR0001). A tax receipt will be issued for each donation of $20 or more. Full English text coming soon [&hellip;]<\/p>\n","protected":false},"author":4,"featured_media":0,"parent":0,"menu_order":82,"comment_status":"closed","ping_status":"closed","template":"","meta":{"footnotes":"","_links_to":"","_links_to_target":""},"class_list":["post-3788","page","type-page","status-publish","hentry"],"_links":{"self":[{"href":"https:\/\/casteliers.ca\/en\/wp-json\/wp\/v2\/pages\/3788","targetHints":{"allow":["GET"]}}],"collection":[{"href":"https:\/\/casteliers.ca\/en\/wp-json\/wp\/v2\/pages"}],"about":[{"href":"https:\/\/casteliers.ca\/en\/wp-json\/wp\/v2\/types\/page"}],"author":[{"embeddable":true,"href":"https:\/\/casteliers.ca\/en\/wp-json\/wp\/v2\/users\/4"}],"replies":[{"embeddable":true,"href":"https:\/\/casteliers.ca\/en\/wp-json\/wp\/v2\/comments?post=3788"}],"version-history":[{"count":25,"href":"https:\/\/casteliers.ca\/en\/wp-json\/wp\/v2\/pages\/3788\/revisions"}],"predecessor-version":[{"id":10509,"href":"https:\/\/casteliers.ca\/en\/wp-json\/wp\/v2\/pages\/3788\/revisions\/10509"}],"wp:attachment":[{"href":"https:\/\/casteliers.ca\/en\/wp-json\/wp\/v2\/media?parent=3788"}],"curies":[{"name":"wp","href":"https:\/\/api.w.org\/{rel}","templated":true}]}}