{"id":3775,"date":"2019-08-26T14:40:48","date_gmt":"2019-08-26T18:40:48","guid":{"rendered":"https:\/\/casteliers.ca\/?page_id=3775"},"modified":"2025-09-02T11:06:28","modified_gmt":"2025-09-02T15:06:28","slug":"the-miam","status":"publish","type":"page","link":"https:\/\/casteliers.ca\/en\/the-miam\/","title":{"rendered":"The MIAM"},"content":{"rendered":"<p><strong>MAISON INTERNATIONALE DES ARTS<\/strong><br \/>\n<strong>DE LA MARIONNETTE<\/strong><br \/>\n30 Saint-Just Avenue<br \/>\nMontr\u00e9al (Qu\u00e9bec) H2V 1X8<br \/>\n514-270-2717<\/p>\n<h2>An International Centre<br \/>\nDedicated to Puppetry Arts<\/h2>\n<p>&nbsp;<\/p>\n<p>The Maison internationale des arts de la marionnette (MIAM\u2014International House of Puppetry Arts) is a joint initiative of Casteliers, a specialized presenter of puppet theatre, and the Qu\u00e9bec Puppeteer Association (Association qu\u00e9b\u00e9coise des marionnettistes\u2014AQM). This creative hub, which also serves as a performance venue, and a training and cultural mediation centre, is entirely dedicated to the 11th art! It offers a wide range of services to professional artists and the general public, including a production lab, a puppet-building workshop, a multi-functional space, as well as specialized resources and know-how. On top of that, it is located right next to the Robert-Bourassa Library which houses an outstanding, specialized collection of works on puppetry.<\/p>\n<p>&nbsp;<\/p>\n<p>The MIAM is a unique place where members of the local, national and international communities are always welcome. Casteliers and the AQM have their offices in the building and Casteliers is the emphyteutic owner.<\/p>\n<p>&nbsp;<\/p>\n<p>The MIAM\u2019s primary mission is to support the creation and development of puppetry, to make this art form better known and to promote it nationally and internationally.<\/p>\n<p>&nbsp;<\/p>\n<p>With a puppet-building workshop and a production lab housed in the same building, the MIAM offers a unique research space for puppeteers. Its rental space and activities run by the founders, partners and users are wide-ranging, impromptu and always evolving. It offers artistic residencies, professional training workshops, master classes and lectures.<\/p>\n<p>&nbsp;<\/p>\n<p><img loading=\"lazy\" decoding=\"async\" class=\"alignnone wp-image-11530 size-full\" src=\"https:\/\/casteliers.ca\/2015\/wp-content\/uploads\/2025\/08\/004-SER-PLATINE_fondclair.png\" alt=\"\" width=\"221\" height=\"86\" srcset=\"https:\/\/casteliers.ca\/2015\/wp-content\/uploads\/2025\/08\/004-SER-PLATINE_fondclair.png 221w, https:\/\/casteliers.ca\/2015\/wp-content\/uploads\/2025\/08\/004-SER-PLATINE_fondclair-180x70.png 180w\" sizes=\"auto, (max-width: 221px) 100vw, 221px\" \/><\/p>\n<p>&nbsp;<\/p>\n<hr \/>\n<p>&nbsp;<\/p>\n<p><strong>Activities<\/strong><\/p>\n<ul>\n<li>Rental space (Tool box, creative lab)<\/li>\n<li>Artist residencies<\/li>\n<li>Professional training workshops<\/li>\n<li>Shows (live performances, film screenings, exhibits)<\/li>\n<li>Cultural mediation and outreach activities<\/li>\n<li>Pooling of expertise and specialized resources<\/li>\n<\/ul>\n<p>&nbsp;<\/p>\n<hr \/>\n<p><strong style=\"font-size: 1.2em;\"><br \/>\nInformation \/ Rental<\/strong><\/p>\n<div class=\"\">\n<div class=\"\">\n<p class=\"\"><span class=\"\">Julie Laviolette<br class=\"\" \/><\/span><span class=\"\">MIAM Coordinator<\/span><br class=\"\" \/><a href=\"mailto:miam@casteliers.ca\">miam@casteliers.ca<\/a><\/p>\n<\/div>\n<div class=\"\"><span class=\"\">Phone: 514-270-2717<\/span><\/div>\n<\/div>\n<p>&nbsp;<\/p>\n<p><a href=\"https:\/\/casteliers.ca\/2015\/wp-content\/uploads\/2023\/11\/Devis-technique_EN_2023_Eric.pdf\" target=\"_blank\" rel=\"noopener noreferrer\">Download MIAM technical rider<\/a><\/p>\n<p><a href=\"https:\/\/lamiam.ca\/wp-content\/uploads\/2019\/12\/MIAM-Plans.pdf\" target=\"_blank\" rel=\"noopener\">Download Laboratory plan<\/a><\/p>\n<p>&nbsp;<\/p>\n<hr \/>\n<h5><\/h5>\n\n\t\t<style type=\"text\/css\">\n\t\t\t#gallery-1 {\n\t\t\t\tmargin: auto;\n\t\t\t}\n\t\t\t#gallery-1 .gallery-item {\n\t\t\t\tfloat: left;\n\t\t\t\tmargin-top: 10px;\n\t\t\t\ttext-align: center;\n\t\t\t\twidth: 33%;\n\t\t\t}\n\t\t\t#gallery-1 img {\n\t\t\t\tborder: 2px solid #cfcfcf;\n\t\t\t}\n\t\t\t#gallery-1 .gallery-caption {\n\t\t\t\tmargin-left: 0;\n\t\t\t}\n\t\t\t\/* see gallery_shortcode() in wp-includes\/media.php *\/\n\t\t<\/style>\n\t\t<div id='gallery-1' class='gallery galleryid-3775 gallery-columns-3 gallery-size-medium'><dl class='gallery-item'>\n\t\t\t<dt class='gallery-icon landscape'>\n\t\t\t\t<a href='https:\/\/casteliers.ca\/en\/the-miam\/1_miam_web_christian_brault\/'><img loading=\"lazy\" decoding=\"async\" width=\"300\" height=\"225\" src=\"https:\/\/casteliers.ca\/2015\/wp-content\/uploads\/2023\/09\/1_MIAM_web_Christian_Brault-300x225.jpg\" class=\"attachment-medium size-medium\" alt=\"\" aria-describedby=\"gallery-1-8660\" srcset=\"https:\/\/casteliers.ca\/2015\/wp-content\/uploads\/2023\/09\/1_MIAM_web_Christian_Brault-300x225.jpg 300w, https:\/\/casteliers.ca\/2015\/wp-content\/uploads\/2023\/09\/1_MIAM_web_Christian_Brault-1024x768.jpg 1024w, https:\/\/casteliers.ca\/2015\/wp-content\/uploads\/2023\/09\/1_MIAM_web_Christian_Brault-768x576.jpg 768w, https:\/\/casteliers.ca\/2015\/wp-content\/uploads\/2023\/09\/1_MIAM_web_Christian_Brault-160x120.jpg 160w, https:\/\/casteliers.ca\/2015\/wp-content\/uploads\/2023\/09\/1_MIAM_web_Christian_Brault-1536x1152.jpg 1536w, https:\/\/casteliers.ca\/2015\/wp-content\/uploads\/2023\/09\/1_MIAM_web_Christian_Brault-2048x1536.jpg 2048w, https:\/\/casteliers.ca\/2015\/wp-content\/uploads\/2023\/09\/1_MIAM_web_Christian_Brault-500x375.jpg 500w\" sizes=\"auto, (max-width: 300px) 100vw, 300px\" \/><\/a>\n\t\t\t<\/dt>\n\t\t\t\t<dd class='wp-caption-text gallery-caption' id='gallery-1-8660'>\n\t\t\t\tMIAM exterior\n\t\t\t\t<\/dd><\/dl><dl class='gallery-item'>\n\t\t\t<dt class='gallery-icon landscape'>\n\t\t\t\t<a href='https:\/\/casteliers.ca\/en\/the-miam\/2_miam_web_christian_brault\/'><img loading=\"lazy\" decoding=\"async\" width=\"300\" height=\"225\" src=\"https:\/\/casteliers.ca\/2015\/wp-content\/uploads\/2023\/09\/2_MIAM_web_Christian_Brault-300x225.jpg\" class=\"attachment-medium size-medium\" alt=\"\" aria-describedby=\"gallery-1-8662\" srcset=\"https:\/\/casteliers.ca\/2015\/wp-content\/uploads\/2023\/09\/2_MIAM_web_Christian_Brault-300x225.jpg 300w, https:\/\/casteliers.ca\/2015\/wp-content\/uploads\/2023\/09\/2_MIAM_web_Christian_Brault-1024x768.jpg 1024w, https:\/\/casteliers.ca\/2015\/wp-content\/uploads\/2023\/09\/2_MIAM_web_Christian_Brault-768x576.jpg 768w, https:\/\/casteliers.ca\/2015\/wp-content\/uploads\/2023\/09\/2_MIAM_web_Christian_Brault-160x120.jpg 160w, https:\/\/casteliers.ca\/2015\/wp-content\/uploads\/2023\/09\/2_MIAM_web_Christian_Brault-1536x1152.jpg 1536w, https:\/\/casteliers.ca\/2015\/wp-content\/uploads\/2023\/09\/2_MIAM_web_Christian_Brault-2048x1536.jpg 2048w, https:\/\/casteliers.ca\/2015\/wp-content\/uploads\/2023\/09\/2_MIAM_web_Christian_Brault-500x375.jpg 500w\" sizes=\"auto, (max-width: 300px) 100vw, 300px\" \/><\/a>\n\t\t\t<\/dt>\n\t\t\t\t<dd class='wp-caption-text gallery-caption' id='gallery-1-8662'>\n\t\t\t\tMIAM facade\n\t\t\t\t<\/dd><\/dl><dl class='gallery-item'>\n\t\t\t<dt class='gallery-icon landscape'>\n\t\t\t\t<a href='https:\/\/casteliers.ca\/en\/the-miam\/3_miam_web_christian_brault\/'><img loading=\"lazy\" decoding=\"async\" width=\"300\" height=\"225\" src=\"https:\/\/casteliers.ca\/2015\/wp-content\/uploads\/2023\/09\/3_MIAM_web_Christian_Brault-300x225.jpg\" class=\"attachment-medium size-medium\" alt=\"\" aria-describedby=\"gallery-1-8664\" srcset=\"https:\/\/casteliers.ca\/2015\/wp-content\/uploads\/2023\/09\/3_MIAM_web_Christian_Brault-300x225.jpg 300w, https:\/\/casteliers.ca\/2015\/wp-content\/uploads\/2023\/09\/3_MIAM_web_Christian_Brault-1024x768.jpg 1024w, https:\/\/casteliers.ca\/2015\/wp-content\/uploads\/2023\/09\/3_MIAM_web_Christian_Brault-768x576.jpg 768w, https:\/\/casteliers.ca\/2015\/wp-content\/uploads\/2023\/09\/3_MIAM_web_Christian_Brault-160x120.jpg 160w, https:\/\/casteliers.ca\/2015\/wp-content\/uploads\/2023\/09\/3_MIAM_web_Christian_Brault-1536x1152.jpg 1536w, https:\/\/casteliers.ca\/2015\/wp-content\/uploads\/2023\/09\/3_MIAM_web_Christian_Brault-2048x1536.jpg 2048w, https:\/\/casteliers.ca\/2015\/wp-content\/uploads\/2023\/09\/3_MIAM_web_Christian_Brault-500x375.jpg 500w\" sizes=\"auto, (max-width: 300px) 100vw, 300px\" \/><\/a>\n\t\t\t<\/dt>\n\t\t\t\t<dd class='wp-caption-text gallery-caption' id='gallery-1-8664'>\n\t\t\t\tMIAM lobby\n\t\t\t\t<\/dd><\/dl><br style=\"clear: both\" \/><dl class='gallery-item'>\n\t\t\t<dt class='gallery-icon landscape'>\n\t\t\t\t<a href='https:\/\/casteliers.ca\/en\/the-miam\/4_miam_web_christian_brault\/'><img loading=\"lazy\" decoding=\"async\" width=\"300\" height=\"225\" src=\"https:\/\/casteliers.ca\/2015\/wp-content\/uploads\/2023\/09\/4_MIAM_web_Christian_Brault-300x225.jpg\" class=\"attachment-medium size-medium\" alt=\"\" aria-describedby=\"gallery-1-8666\" srcset=\"https:\/\/casteliers.ca\/2015\/wp-content\/uploads\/2023\/09\/4_MIAM_web_Christian_Brault-300x225.jpg 300w, https:\/\/casteliers.ca\/2015\/wp-content\/uploads\/2023\/09\/4_MIAM_web_Christian_Brault-1024x768.jpg 1024w, https:\/\/casteliers.ca\/2015\/wp-content\/uploads\/2023\/09\/4_MIAM_web_Christian_Brault-768x576.jpg 768w, https:\/\/casteliers.ca\/2015\/wp-content\/uploads\/2023\/09\/4_MIAM_web_Christian_Brault-160x120.jpg 160w, https:\/\/casteliers.ca\/2015\/wp-content\/uploads\/2023\/09\/4_MIAM_web_Christian_Brault-1536x1152.jpg 1536w, https:\/\/casteliers.ca\/2015\/wp-content\/uploads\/2023\/09\/4_MIAM_web_Christian_Brault-2048x1536.jpg 2048w, https:\/\/casteliers.ca\/2015\/wp-content\/uploads\/2023\/09\/4_MIAM_web_Christian_Brault-500x375.jpg 500w\" sizes=\"auto, (max-width: 300px) 100vw, 300px\" \/><\/a>\n\t\t\t<\/dt>\n\t\t\t\t<dd class='wp-caption-text gallery-caption' id='gallery-1-8666'>\n\t\t\t\tWorkshop set up\n\t\t\t\t<\/dd><\/dl><dl class='gallery-item'>\n\t\t\t<dt class='gallery-icon landscape'>\n\t\t\t\t<a href='https:\/\/casteliers.ca\/en\/the-miam\/5_miam_web_christian_brault\/'><img loading=\"lazy\" decoding=\"async\" width=\"300\" height=\"225\" src=\"https:\/\/casteliers.ca\/2015\/wp-content\/uploads\/2023\/09\/5_MIAM_web_Christian_Brault-300x225.jpg\" class=\"attachment-medium size-medium\" alt=\"\" aria-describedby=\"gallery-1-8668\" srcset=\"https:\/\/casteliers.ca\/2015\/wp-content\/uploads\/2023\/09\/5_MIAM_web_Christian_Brault-300x225.jpg 300w, https:\/\/casteliers.ca\/2015\/wp-content\/uploads\/2023\/09\/5_MIAM_web_Christian_Brault-1024x768.jpg 1024w, https:\/\/casteliers.ca\/2015\/wp-content\/uploads\/2023\/09\/5_MIAM_web_Christian_Brault-768x576.jpg 768w, https:\/\/casteliers.ca\/2015\/wp-content\/uploads\/2023\/09\/5_MIAM_web_Christian_Brault-160x120.jpg 160w, https:\/\/casteliers.ca\/2015\/wp-content\/uploads\/2023\/09\/5_MIAM_web_Christian_Brault-1536x1152.jpg 1536w, https:\/\/casteliers.ca\/2015\/wp-content\/uploads\/2023\/09\/5_MIAM_web_Christian_Brault-2048x1536.jpg 2048w, https:\/\/casteliers.ca\/2015\/wp-content\/uploads\/2023\/09\/5_MIAM_web_Christian_Brault-500x375.jpg 500w\" sizes=\"auto, (max-width: 300px) 100vw, 300px\" \/><\/a>\n\t\t\t<\/dt>\n\t\t\t\t<dd class='wp-caption-text gallery-caption' id='gallery-1-8668'>\n\t\t\t\tWorkshop coffee corner\n\t\t\t\t<\/dd><\/dl><dl class='gallery-item'>\n\t\t\t<dt class='gallery-icon landscape'>\n\t\t\t\t<a href='https:\/\/casteliers.ca\/en\/the-miam\/6_miam_web_christian_brault\/'><img loading=\"lazy\" decoding=\"async\" width=\"300\" height=\"225\" src=\"https:\/\/casteliers.ca\/2015\/wp-content\/uploads\/2023\/09\/6_MIAM_web_Christian_Brault-300x225.jpg\" class=\"attachment-medium size-medium\" alt=\"\" aria-describedby=\"gallery-1-8670\" srcset=\"https:\/\/casteliers.ca\/2015\/wp-content\/uploads\/2023\/09\/6_MIAM_web_Christian_Brault-300x225.jpg 300w, https:\/\/casteliers.ca\/2015\/wp-content\/uploads\/2023\/09\/6_MIAM_web_Christian_Brault-1024x768.jpg 1024w, https:\/\/casteliers.ca\/2015\/wp-content\/uploads\/2023\/09\/6_MIAM_web_Christian_Brault-768x576.jpg 768w, https:\/\/casteliers.ca\/2015\/wp-content\/uploads\/2023\/09\/6_MIAM_web_Christian_Brault-160x120.jpg 160w, https:\/\/casteliers.ca\/2015\/wp-content\/uploads\/2023\/09\/6_MIAM_web_Christian_Brault-1536x1152.jpg 1536w, https:\/\/casteliers.ca\/2015\/wp-content\/uploads\/2023\/09\/6_MIAM_web_Christian_Brault-2048x1536.jpg 2048w, https:\/\/casteliers.ca\/2015\/wp-content\/uploads\/2023\/09\/6_MIAM_web_Christian_Brault-500x375.jpg 500w\" sizes=\"auto, (max-width: 300px) 100vw, 300px\" \/><\/a>\n\t\t\t<\/dt>\n\t\t\t\t<dd class='wp-caption-text gallery-caption' id='gallery-1-8670'>\n\t\t\t\tWorkshop in bar mode\n\t\t\t\t<\/dd><\/dl><br style=\"clear: both\" \/><dl class='gallery-item'>\n\t\t\t<dt class='gallery-icon landscape'>\n\t\t\t\t<a href='https:\/\/casteliers.ca\/en\/the-miam\/7_miam_web_photo-casteliers-2-2\/'><img loading=\"lazy\" decoding=\"async\" width=\"300\" height=\"225\" src=\"https:\/\/casteliers.ca\/2015\/wp-content\/uploads\/2023\/09\/7_MIAM_web_photo-Casteliers-1-300x225.jpg\" class=\"attachment-medium size-medium\" alt=\"\" aria-describedby=\"gallery-1-8689\" srcset=\"https:\/\/casteliers.ca\/2015\/wp-content\/uploads\/2023\/09\/7_MIAM_web_photo-Casteliers-1-300x225.jpg 300w, https:\/\/casteliers.ca\/2015\/wp-content\/uploads\/2023\/09\/7_MIAM_web_photo-Casteliers-1-1024x768.jpg 1024w, https:\/\/casteliers.ca\/2015\/wp-content\/uploads\/2023\/09\/7_MIAM_web_photo-Casteliers-1-768x576.jpg 768w, https:\/\/casteliers.ca\/2015\/wp-content\/uploads\/2023\/09\/7_MIAM_web_photo-Casteliers-1-160x120.jpg 160w, https:\/\/casteliers.ca\/2015\/wp-content\/uploads\/2023\/09\/7_MIAM_web_photo-Casteliers-1-1536x1152.jpg 1536w, https:\/\/casteliers.ca\/2015\/wp-content\/uploads\/2023\/09\/7_MIAM_web_photo-Casteliers-1-500x375.jpg 500w, https:\/\/casteliers.ca\/2015\/wp-content\/uploads\/2023\/09\/7_MIAM_web_photo-Casteliers-1.jpg 2000w\" sizes=\"auto, (max-width: 300px) 100vw, 300px\" \/><\/a>\n\t\t\t<\/dt>\n\t\t\t\t<dd class='wp-caption-text gallery-caption' id='gallery-1-8689'>\n\t\t\t\tSharon Azrieli tool box\n\t\t\t\t<\/dd><\/dl><dl class='gallery-item'>\n\t\t\t<dt class='gallery-icon landscape'>\n\t\t\t\t<a href='https:\/\/casteliers.ca\/en\/the-miam\/8_miam_web_christian_brault\/'><img loading=\"lazy\" decoding=\"async\" width=\"300\" height=\"225\" src=\"https:\/\/casteliers.ca\/2015\/wp-content\/uploads\/2023\/09\/8_MIAM_web_Christian_Brault-300x225.jpg\" class=\"attachment-medium size-medium\" alt=\"\" aria-describedby=\"gallery-1-8674\" srcset=\"https:\/\/casteliers.ca\/2015\/wp-content\/uploads\/2023\/09\/8_MIAM_web_Christian_Brault-300x225.jpg 300w, https:\/\/casteliers.ca\/2015\/wp-content\/uploads\/2023\/09\/8_MIAM_web_Christian_Brault-1024x768.jpg 1024w, https:\/\/casteliers.ca\/2015\/wp-content\/uploads\/2023\/09\/8_MIAM_web_Christian_Brault-768x576.jpg 768w, https:\/\/casteliers.ca\/2015\/wp-content\/uploads\/2023\/09\/8_MIAM_web_Christian_Brault-160x120.jpg 160w, https:\/\/casteliers.ca\/2015\/wp-content\/uploads\/2023\/09\/8_MIAM_web_Christian_Brault-1536x1152.jpg 1536w, https:\/\/casteliers.ca\/2015\/wp-content\/uploads\/2023\/09\/8_MIAM_web_Christian_Brault-2048x1536.jpg 2048w, https:\/\/casteliers.ca\/2015\/wp-content\/uploads\/2023\/09\/8_MIAM_web_Christian_Brault-500x375.jpg 500w\" sizes=\"auto, (max-width: 300px) 100vw, 300px\" \/><\/a>\n\t\t\t<\/dt>\n\t\t\t\t<dd class='wp-caption-text gallery-caption' id='gallery-1-8674'>\n\t\t\t\tLab &#8211; technical booth\n\t\t\t\t<\/dd><\/dl><dl class='gallery-item'>\n\t\t\t<dt class='gallery-icon landscape'>\n\t\t\t\t<a href='https:\/\/casteliers.ca\/en\/the-miam\/9_miam_web_christian_brault\/'><img loading=\"lazy\" decoding=\"async\" width=\"300\" height=\"225\" src=\"https:\/\/casteliers.ca\/2015\/wp-content\/uploads\/2023\/09\/9_MIAM_web_Christian_Brault-300x225.jpg\" class=\"attachment-medium size-medium\" alt=\"\" aria-describedby=\"gallery-1-8676\" srcset=\"https:\/\/casteliers.ca\/2015\/wp-content\/uploads\/2023\/09\/9_MIAM_web_Christian_Brault-300x225.jpg 300w, https:\/\/casteliers.ca\/2015\/wp-content\/uploads\/2023\/09\/9_MIAM_web_Christian_Brault-1024x768.jpg 1024w, https:\/\/casteliers.ca\/2015\/wp-content\/uploads\/2023\/09\/9_MIAM_web_Christian_Brault-768x576.jpg 768w, https:\/\/casteliers.ca\/2015\/wp-content\/uploads\/2023\/09\/9_MIAM_web_Christian_Brault-160x120.jpg 160w, https:\/\/casteliers.ca\/2015\/wp-content\/uploads\/2023\/09\/9_MIAM_web_Christian_Brault-1536x1152.jpg 1536w, https:\/\/casteliers.ca\/2015\/wp-content\/uploads\/2023\/09\/9_MIAM_web_Christian_Brault-2048x1536.jpg 2048w, https:\/\/casteliers.ca\/2015\/wp-content\/uploads\/2023\/09\/9_MIAM_web_Christian_Brault-500x375.jpg 500w\" sizes=\"auto, (max-width: 300px) 100vw, 300px\" \/><\/a>\n\t\t\t<\/dt>\n\t\t\t\t<dd class='wp-caption-text gallery-caption' id='gallery-1-8676'>\n\t\t\t\tLab &#8211; seating deployed\n\t\t\t\t<\/dd><\/dl><br style=\"clear: both\" \/><dl class='gallery-item'>\n\t\t\t<dt class='gallery-icon landscape'>\n\t\t\t\t<a href='https:\/\/casteliers.ca\/en\/the-miam\/10_miam_web_christian_brault\/'><img loading=\"lazy\" decoding=\"async\" width=\"300\" height=\"225\" src=\"https:\/\/casteliers.ca\/2015\/wp-content\/uploads\/2023\/09\/10_MIAM_web_Christian_Brault-300x225.jpg\" class=\"attachment-medium size-medium\" alt=\"\" aria-describedby=\"gallery-1-8678\" srcset=\"https:\/\/casteliers.ca\/2015\/wp-content\/uploads\/2023\/09\/10_MIAM_web_Christian_Brault-300x225.jpg 300w, https:\/\/casteliers.ca\/2015\/wp-content\/uploads\/2023\/09\/10_MIAM_web_Christian_Brault-1024x768.jpg 1024w, https:\/\/casteliers.ca\/2015\/wp-content\/uploads\/2023\/09\/10_MIAM_web_Christian_Brault-768x576.jpg 768w, https:\/\/casteliers.ca\/2015\/wp-content\/uploads\/2023\/09\/10_MIAM_web_Christian_Brault-160x120.jpg 160w, https:\/\/casteliers.ca\/2015\/wp-content\/uploads\/2023\/09\/10_MIAM_web_Christian_Brault-1536x1152.jpg 1536w, https:\/\/casteliers.ca\/2015\/wp-content\/uploads\/2023\/09\/10_MIAM_web_Christian_Brault-2048x1536.jpg 2048w, https:\/\/casteliers.ca\/2015\/wp-content\/uploads\/2023\/09\/10_MIAM_web_Christian_Brault-500x375.jpg 500w\" sizes=\"auto, (max-width: 300px) 100vw, 300px\" \/><\/a>\n\t\t\t<\/dt>\n\t\t\t\t<dd class='wp-caption-text gallery-caption' id='gallery-1-8678'>\n\t\t\t\tLab &#8211; seating retracted\n\t\t\t\t<\/dd><\/dl><dl class='gallery-item'>\n\t\t\t<dt class='gallery-icon landscape'>\n\t\t\t\t<a href='https:\/\/casteliers.ca\/en\/the-miam\/11_miam_web_christian_brault\/'><img loading=\"lazy\" decoding=\"async\" width=\"300\" height=\"225\" src=\"https:\/\/casteliers.ca\/2015\/wp-content\/uploads\/2023\/09\/11_MIAM_web_Christian_Brault-300x225.jpg\" class=\"attachment-medium size-medium\" alt=\"\" aria-describedby=\"gallery-1-8680\" srcset=\"https:\/\/casteliers.ca\/2015\/wp-content\/uploads\/2023\/09\/11_MIAM_web_Christian_Brault-300x225.jpg 300w, https:\/\/casteliers.ca\/2015\/wp-content\/uploads\/2023\/09\/11_MIAM_web_Christian_Brault-1024x768.jpg 1024w, https:\/\/casteliers.ca\/2015\/wp-content\/uploads\/2023\/09\/11_MIAM_web_Christian_Brault-768x576.jpg 768w, https:\/\/casteliers.ca\/2015\/wp-content\/uploads\/2023\/09\/11_MIAM_web_Christian_Brault-160x120.jpg 160w, https:\/\/casteliers.ca\/2015\/wp-content\/uploads\/2023\/09\/11_MIAM_web_Christian_Brault-1536x1152.jpg 1536w, https:\/\/casteliers.ca\/2015\/wp-content\/uploads\/2023\/09\/11_MIAM_web_Christian_Brault-2048x1536.jpg 2048w, https:\/\/casteliers.ca\/2015\/wp-content\/uploads\/2023\/09\/11_MIAM_web_Christian_Brault-500x375.jpg 500w\" sizes=\"auto, (max-width: 300px) 100vw, 300px\" \/><\/a>\n\t\t\t<\/dt>\n\t\t\t\t<dd class='wp-caption-text gallery-caption' id='gallery-1-8680'>\n\t\t\t\tLab &#8211; open windows\n\t\t\t\t<\/dd><\/dl><dl class='gallery-item'>\n\t\t\t<dt class='gallery-icon landscape'>\n\t\t\t\t<a href='https:\/\/casteliers.ca\/en\/the-miam\/12_miam_web_christian_brault\/'><img loading=\"lazy\" decoding=\"async\" width=\"300\" height=\"225\" src=\"https:\/\/casteliers.ca\/2015\/wp-content\/uploads\/2023\/09\/12_MIAM_web_Christian_Brault-300x225.jpg\" class=\"attachment-medium size-medium\" alt=\"\" aria-describedby=\"gallery-1-8682\" srcset=\"https:\/\/casteliers.ca\/2015\/wp-content\/uploads\/2023\/09\/12_MIAM_web_Christian_Brault-300x225.jpg 300w, https:\/\/casteliers.ca\/2015\/wp-content\/uploads\/2023\/09\/12_MIAM_web_Christian_Brault-1024x768.jpg 1024w, https:\/\/casteliers.ca\/2015\/wp-content\/uploads\/2023\/09\/12_MIAM_web_Christian_Brault-768x576.jpg 768w, https:\/\/casteliers.ca\/2015\/wp-content\/uploads\/2023\/09\/12_MIAM_web_Christian_Brault-160x120.jpg 160w, https:\/\/casteliers.ca\/2015\/wp-content\/uploads\/2023\/09\/12_MIAM_web_Christian_Brault-1536x1152.jpg 1536w, https:\/\/casteliers.ca\/2015\/wp-content\/uploads\/2023\/09\/12_MIAM_web_Christian_Brault-2048x1536.jpg 2048w, https:\/\/casteliers.ca\/2015\/wp-content\/uploads\/2023\/09\/12_MIAM_web_Christian_Brault-500x375.jpg 500w\" sizes=\"auto, (max-width: 300px) 100vw, 300px\" \/><\/a>\n\t\t\t<\/dt>\n\t\t\t\t<dd class='wp-caption-text gallery-caption' id='gallery-1-8682'>\n\t\t\t\tDressing and meeting room  (2nd floor)\n\t\t\t\t<\/dd><\/dl><br style=\"clear: both\" \/><dl class='gallery-item'>\n\t\t\t<dt class='gallery-icon landscape'>\n\t\t\t\t<a href='https:\/\/casteliers.ca\/en\/the-miam\/13_miam_web_christian_brault\/'><img loading=\"lazy\" decoding=\"async\" width=\"300\" height=\"225\" src=\"https:\/\/casteliers.ca\/2015\/wp-content\/uploads\/2023\/09\/13_MIAM_web_Christian_Brault-300x225.jpg\" class=\"attachment-medium size-medium\" alt=\"\" aria-describedby=\"gallery-1-8684\" srcset=\"https:\/\/casteliers.ca\/2015\/wp-content\/uploads\/2023\/09\/13_MIAM_web_Christian_Brault-300x225.jpg 300w, https:\/\/casteliers.ca\/2015\/wp-content\/uploads\/2023\/09\/13_MIAM_web_Christian_Brault-1024x768.jpg 1024w, https:\/\/casteliers.ca\/2015\/wp-content\/uploads\/2023\/09\/13_MIAM_web_Christian_Brault-768x576.jpg 768w, https:\/\/casteliers.ca\/2015\/wp-content\/uploads\/2023\/09\/13_MIAM_web_Christian_Brault-160x120.jpg 160w, https:\/\/casteliers.ca\/2015\/wp-content\/uploads\/2023\/09\/13_MIAM_web_Christian_Brault-1536x1152.jpg 1536w, https:\/\/casteliers.ca\/2015\/wp-content\/uploads\/2023\/09\/13_MIAM_web_Christian_Brault-2048x1536.jpg 2048w, https:\/\/casteliers.ca\/2015\/wp-content\/uploads\/2023\/09\/13_MIAM_web_Christian_Brault-500x375.jpg 500w\" sizes=\"auto, (max-width: 300px) 100vw, 300px\" \/><\/a>\n\t\t\t<\/dt>\n\t\t\t\t<dd class='wp-caption-text gallery-caption' id='gallery-1-8684'>\n\t\t\t\tShower for artists (2nd floor)\n\t\t\t\t<\/dd><\/dl>\n\t\t\t<br style='clear: both' \/>\n\t\t<\/div>\n\n<h5>Photos:<strong> Christian Brault<\/strong><br \/>\n(except the tool box photo: Casteliers)<\/h5>\n<p>&nbsp;<\/p>\n<hr \/>\n<p>&nbsp;<\/p>\n<p><img loading=\"lazy\" decoding=\"async\" class=\"aligncenter size-large wp-image-3633\" src=\"https:\/\/casteliers.ca\/2015\/wp-content\/uploads\/2019\/07\/MIAM_fonctions-1024x775-1024x775.jpg\" alt=\"\" width=\"640\" height=\"484\" srcset=\"https:\/\/casteliers.ca\/2015\/wp-content\/uploads\/2019\/07\/MIAM_fonctions-1024x775.jpg 1024w, https:\/\/casteliers.ca\/2015\/wp-content\/uploads\/2019\/07\/MIAM_fonctions-1024x775-300x227.jpg 300w, https:\/\/casteliers.ca\/2015\/wp-content\/uploads\/2019\/07\/MIAM_fonctions-1024x775-768x581.jpg 768w, https:\/\/casteliers.ca\/2015\/wp-content\/uploads\/2019\/07\/MIAM_fonctions-1024x775-159x120.jpg 159w\" sizes=\"auto, (max-width: 640px) 100vw, 640px\" \/><\/p>\n<p>&nbsp;<\/p>\n","protected":false},"excerpt":{"rendered":"<p>MAISON INTERNATIONALE DES ARTS DE LA MARIONNETTE 30 Saint-Just Avenue Montr\u00e9al (Qu\u00e9bec) H2V 1X8 514-270-2717 An International Centre Dedicated to Puppetry Arts &nbsp; The Maison internationale des arts de la marionnette (MIAM\u2014International House of Puppetry Arts) is a joint initiative of Casteliers, a specialized presenter of puppet theatre, and the Qu\u00e9bec Puppeteer Association (Association qu\u00e9b\u00e9coise [&hellip;]<\/p>\n","protected":false},"author":4,"featured_media":0,"parent":0,"menu_order":75,"comment_status":"closed","ping_status":"closed","template":"","meta":{"footnotes":"","_links_to":"","_links_to_target":""},"class_list":["post-3775","page","type-page","status-publish","hentry"],"_links":{"self":[{"href":"https:\/\/casteliers.ca\/en\/wp-json\/wp\/v2\/pages\/3775","targetHints":{"allow":["GET"]}}],"collection":[{"href":"https:\/\/casteliers.ca\/en\/wp-json\/wp\/v2\/pages"}],"about":[{"href":"https:\/\/casteliers.ca\/en\/wp-json\/wp\/v2\/types\/page"}],"author":[{"embeddable":true,"href":"https:\/\/casteliers.ca\/en\/wp-json\/wp\/v2\/users\/4"}],"replies":[{"embeddable":true,"href":"https:\/\/casteliers.ca\/en\/wp-json\/wp\/v2\/comments?post=3775"}],"version-history":[{"count":27,"href":"https:\/\/casteliers.ca\/en\/wp-json\/wp\/v2\/pages\/3775\/revisions"}],"predecessor-version":[{"id":11596,"href":"https:\/\/casteliers.ca\/en\/wp-json\/wp\/v2\/pages\/3775\/revisions\/11596"}],"wp:attachment":[{"href":"https:\/\/casteliers.ca\/en\/wp-json\/wp\/v2\/media?parent=3775"}],"curies":[{"name":"wp","href":"https:\/\/api.w.org\/{rel}","templated":true}]}}