{"id":3773,"date":"2019-08-26T14:40:25","date_gmt":"2019-08-26T18:40:25","guid":{"rendered":"https:\/\/casteliers.ca\/?page_id=3773"},"modified":"2019-08-28T15:51:30","modified_gmt":"2019-08-28T19:51:30","slug":"15th-anniversary","status":"publish","type":"page","link":"https:\/\/casteliers.ca\/en\/15th-anniversary\/","title":{"rendered":"15th anniversary"},"content":{"rendered":"<h3>Casteliers celebrates its 15th anniversary in 2020!<\/h3>\n<p>Casteliers has presented more than 230 full-length shows staged by companies from over 26 countries since 2005.<\/p>\n<h3>An international reputation<\/h3>\n<p>Known as a leading presenter of puppetry arts from here and abroad, Casteliers encourages all forms of creativity. Over the years, it has developed many partnerships with national and international companies, theatres and festivals. These include: the Th\u00e9\u00e2tre Outremont, the Th\u00e9\u00e2tre Aux \u00c9curies, OBORO , the Maisons de la culture network, the Centaur Theatre, the Grande biblioth\u00e8que, the Maison des arts de Laval, Puppets Up!, the Festival of Animated Objects in Calgary, Luna Morenas in Mexico, Vale Arvoredo in Brazil, the Festival Mondial des Th\u00e9\u00e2tres de Marionnettes in Charleville-M\u00e9zi\u00e8res, France, Puppet Animation Scotland, the Liz\u00e9 Puppetry Art Colony in Taiwan&#8230; The Festival de Casteliers is part of a broad network of recognized international festivals and hosts more than thirty presenters from all over the world every year.<\/p>\n<h3>A centre dedicated to the 11th art<\/h3>\n<p>The opening of the Maison internationale des arts de la marionnette (MIAM\u2014International House of Puppetry Arts) in the fall of 2018 marked a turning point for our organization. A legacy of the Ville de Montr\u00e9al\u2019s 375th anniversary, the MIAM turned the puppeteering community\u2019s dream into a reality. It was made possible thanks to the joint efforts of Casteliers and the Qu\u00e9bec Puppeteer Association (Association qu\u00e9b\u00e9coise des marionnettistes\u2014AQM) and the support of elected officials and civil servants, as well as governments and many generous donors. Located at 30 St-Just Avenue, the MIAM enriches the borough of Outremont\u2019s cultural district and contributes to the national and international promotion of Montr\u00e9al, Cultural Metropolis.<\/p>\n<h3>Exciting puppetry throughout the year<\/h3>\n<p>Casteliers\u2019 15th season starts with Casteliers sur l\u2019herbe in August 2019. Several other shows will be presented over the following months as part of Casteliers en famille and Soir\u00e9es Casteliers. The 15th Festival de Casteliers will be held from March 4-8, 2020 and will include artists from Finland, France, Belgium, Scotland, British Columbia and Qu\u00e9bec.<br \/>\nDon\u2019t miss out on the fun!<\/p>\n<p><strong><a href=\"https:\/\/sibforms.com\/serve\/MUIEAHUhXX3XAODWqBtYraE_M31MPcKcfrcdUfmfk9DtsxugR9oBxaYKEYxm-7skuF43kRlNeTQ5xZWIFPGPEiBcHojUzAZJm4U1VH_uIUrqqQSeRK-K9DAyFg1J2JE1IqyaQ31AqU6RtsXzKjpdURDEhbrbFJagxbCvFdEoDDJcziGkoITXjAqPcYDwoBq8BZzr86yNPw9MFai2\">Sign up for our newsletter!<\/a><\/strong><\/p>\n","protected":false},"excerpt":{"rendered":"<p>Casteliers celebrates its 15th anniversary in 2020! Casteliers has presented more than 230 full-length shows staged by companies from over 26 countries since 2005. An international reputation Known as a leading presenter of puppetry arts from here and abroad, Casteliers encourages all forms of creativity. Over the years, it has developed many partnerships with national [&hellip;]<\/p>\n","protected":false},"author":4,"featured_media":0,"parent":0,"menu_order":73,"comment_status":"closed","ping_status":"closed","template":"","meta":{"_acf_changed":false,"footnotes":"","_links_to":"","_links_to_target":""},"class_list":["post-3773","page","type-page","status-publish","hentry"],"acf":[],"_links":{"self":[{"href":"https:\/\/casteliers.ca\/en\/wp-json\/wp\/v2\/pages\/3773","targetHints":{"allow":["GET"]}}],"collection":[{"href":"https:\/\/casteliers.ca\/en\/wp-json\/wp\/v2\/pages"}],"about":[{"href":"https:\/\/casteliers.ca\/en\/wp-json\/wp\/v2\/types\/page"}],"author":[{"embeddable":true,"href":"https:\/\/casteliers.ca\/en\/wp-json\/wp\/v2\/users\/4"}],"replies":[{"embeddable":true,"href":"https:\/\/casteliers.ca\/en\/wp-json\/wp\/v2\/comments?post=3773"}],"version-history":[{"count":5,"href":"https:\/\/casteliers.ca\/en\/wp-json\/wp\/v2\/pages\/3773\/revisions"}],"predecessor-version":[{"id":4006,"href":"https:\/\/casteliers.ca\/en\/wp-json\/wp\/v2\/pages\/3773\/revisions\/4006"}],"wp:attachment":[{"href":"https:\/\/casteliers.ca\/en\/wp-json\/wp\/v2\/media?parent=3773"}],"curies":[{"name":"wp","href":"https:\/\/api.w.org\/{rel}","templated":true}]}}