{"id":33,"date":"2015-08-16T16:04:43","date_gmt":"2015-08-16T20:04:43","guid":{"rendered":"http:\/\/casteliers.ca\/2015\/en\/?page_id=33"},"modified":"2025-05-07T17:06:22","modified_gmt":"2025-05-07T21:06:22","slug":"partners","status":"publish","type":"page","link":"https:\/\/casteliers.ca\/en\/partners\/","title":{"rendered":"Partners"},"content":{"rendered":"<h3>Become a Casteliers partner and contribute to the development of puppetry!<\/h3>\n<p>Whether your organization is looking to sponsor one of our events or any other type of activity, we are committed to creating tailor-made packages that meet your specific goals and reach your target audience.<\/p>\n<p><strong>Contact us:<\/strong><\/p>\n<p>If you are looking to build a rewarding partnership, please contact Louise Lanneau, Private Funding and Philanthropic Development Manager, at <a href=\"mailto:financement@casteliers.ca\">financement@casteliers.ca<\/a>.<\/p>\n<p>&nbsp;<\/p>\n<p>&nbsp;<\/p>\n<p>&nbsp;<\/p>\n<h2>Public Partners<\/h2>\n<div class=\"lshowcase-clear-both\">&nbsp;<\/div><div class=\"lshowcase-logos\"><div  ><div class='lshowcase-wrap-normal'><div class=\"lshowcase-box-normal\"><div class=\"lshowcase-boxInner-normal\" style=\"width:180px; align:center; text-align:center;\"><a href='http:\/\/www.pch.gc.ca\/eng\/1266037002102\/1265993639778' target='_blank'><img src='https:\/\/casteliers.ca\/2015\/wp-content\/uploads\/2015\/09\/Canada_150px.jpg' width='150'  height = '36'  alt='' title='01-Canadian Heritage' class='lshowcase-boxhighlight' \/><\/a><\/div><\/div><\/div><div class='lshowcase-wrap-normal'><div class=\"lshowcase-box-normal\"><div class=\"lshowcase-boxInner-normal\" style=\"width:180px; align:center; text-align:center;\"><a href='http:\/\/conseildesarts.ca\/' target='_blank'><img src='https:\/\/casteliers.ca\/2015\/wp-content\/uploads\/2015\/08\/ogimage-fr.png' width='180'  height = '95'  alt='' title='02-CAC' class='lshowcase-boxhighlight' \/><\/a><\/div><\/div><\/div><div class='lshowcase-wrap-normal'><div class=\"lshowcase-box-normal\"><div class=\"lshowcase-boxInner-normal\" style=\"width:180px; align:center; text-align:center;\"><a href='https:\/\/www.quebec.ca\/tourisme-et-loisirs\/fier-partenaire\/' target='_blank'><img src='https:\/\/casteliers.ca\/2015\/wp-content\/uploads\/2018\/02\/Quebec_225px.jpg' width='180'  height = '38'  alt='' title='03-Qu\u00e9bec' class='lshowcase-boxhighlight' \/><\/a><\/div><\/div><\/div><div class='lshowcase-wrap-normal'><div class=\"lshowcase-box-normal\"><div class=\"lshowcase-boxInner-normal\" style=\"width:180px; align:center; text-align:center;\"><a href='https:\/\/www.calq.gouv.qc.ca\/en\/' target='_blank'><img src='https:\/\/casteliers.ca\/2015\/wp-content\/uploads\/2016\/08\/Calq_cyansiteweb-e1714508096413.jpg' width='180'  height = '80'  alt='' title='04-CALQ' class='lshowcase-boxhighlight' \/><\/a><\/div><\/div><\/div><div class='lshowcase-wrap-normal'><div class=\"lshowcase-box-normal\"><div class=\"lshowcase-boxInner-normal\" style=\"width:180px; align:center; text-align:center;\"><a href='https:\/\/montreal.ca\/' target='_blank'><img src='https:\/\/casteliers.ca\/2015\/wp-content\/uploads\/2023\/09\/Logo_Ville_Montreal_200px.jpg' width='180'  height = '39'  alt='Ville de Montr\u00e9al' title='05_Ville de Montr\u00e9al' class='lshowcase-boxhighlight' \/><\/a><\/div><\/div><\/div><div class='lshowcase-wrap-normal'><div class=\"lshowcase-box-normal\"><div class=\"lshowcase-boxInner-normal\" style=\"width:180px; align:center; text-align:center;\"><a href='http:\/\/www.artsmontreal.org\/fr' target='_blank'><img src='https:\/\/casteliers.ca\/2015\/wp-content\/uploads\/2015\/08\/CMYK_Logo_CAM_200px.jpg' width='180'  height = '84'  alt='' title='40-CAM' class='lshowcase-boxhighlight' \/><\/a><\/div><\/div><\/div><div class='lshowcase-wrap-normal'><div class=\"lshowcase-box-normal\"><div class=\"lshowcase-boxInner-normal\" style=\"width:180px; align:center; text-align:center;\"><a href='https:\/\/montreal.ca\/outremont' target='_blank'><img src='https:\/\/casteliers.ca\/2015\/wp-content\/uploads\/2025\/05\/outremont150-blocmarque-rgb-horiz-foreet-1-300x101-1.png' width='180'  height = '61'  alt='' title='Outremont 150' class='lshowcase-boxhighlight' \/><\/a><\/div><\/div><\/div><\/div><\/div><div class=\"lshowcase-clear-both\">&nbsp;<\/div>\n<p>&nbsp;<\/p>\n<p>&nbsp;<\/p>\n<h2>International Partners<\/h2>\n<div class=\"lshowcase-clear-both\">&nbsp;<\/div><div class=\"lshowcase-logos\"><div  ><div class='lshowcase-wrap-normal'><div class=\"lshowcase-box-normal\"><div class=\"lshowcase-boxInner-normal\" style=\"width:180px; align:center; text-align:center;\"><a href='https:\/\/quebec.consulfrance.org\/' target='_blank'><img src='https:\/\/casteliers.ca\/2015\/wp-content\/uploads\/2018\/10\/ConsulatFrance_Couleurs_150px.jpg' width='120'  height = '120'  alt='Consulat g\u00e9n\u00e9ral de France \u00e0 Qu\u00e9bec' title='01-Consulat g\u00e9n\u00e9ral de France' class='lshowcase-boxhighlight' \/><\/a><\/div><\/div><\/div><\/div><\/div><div class=\"lshowcase-clear-both\">&nbsp;<\/div>\n<p>&nbsp;<\/p>\n<p>&nbsp;<\/p>\n<h2>PRIVATE PARTNERS AND FOUNDATIONS<\/h2>\n<div class=\"lshowcase-clear-both\">&nbsp;<\/div><div class=\"lshowcase-logos\"><div  ><div class='lshowcase-wrap-normal'><div class=\"lshowcase-box-normal\"><div class=\"lshowcase-boxInner-normal\" style=\"width:180px; align:center; text-align:center;\"><a href='https:\/\/azrielifoundation.org\/fr\/' target='_blank'><img src='https:\/\/casteliers.ca\/2015\/wp-content\/uploads\/2023\/09\/Logo_fondation_Azrieli.jpg' width='180'  height = '73'  alt='Fondation Azrieli' title='Fondation Azrieli' class='lshowcase-boxhighlight' \/><\/a><\/div><\/div><\/div><\/div><\/div><div class=\"lshowcase-clear-both\">&nbsp;<\/div>\n<p>&nbsp;<\/p>\n<p>&nbsp;<\/p>\n<h2>Cultural Partners<\/h2>\n<div class=\"lshowcase-clear-both\">&nbsp;<\/div><div class=\"lshowcase-logos\"><div  ><div class='lshowcase-wrap-normal'><div class=\"lshowcase-box-normal\"><div class=\"lshowcase-boxInner-normal\" style=\"width:180px; align:center; text-align:center;\"><a href='http:\/\/www.theatreoutremont.ca\/en\/home\/' target='_blank'><img src='https:\/\/casteliers.ca\/2015\/wp-content\/uploads\/2023\/05\/LogoTO_2022_150px.jpg' width='150'  height = '44'  alt='' title='01-Th\u00e9\u00e2tre Outremont' class='lshowcase-boxhighlight' \/><\/a><\/div><\/div><\/div><div class='lshowcase-wrap-normal'><div class=\"lshowcase-box-normal\"><div class=\"lshowcase-boxInner-normal\" style=\"width:180px; align:center; text-align:center;\"><a href='http:\/\/auxecuries.com\/' target='_blank'><img src='https:\/\/casteliers.ca\/2015\/wp-content\/uploads\/2015\/08\/logo_ecuries-e1695048972627.png' width='71'  height = '120'  alt='' title='02 &#8211; Th\u00e9\u00e2tre Aux \u00c9curies' class='lshowcase-boxhighlight' \/><\/a><\/div><\/div><\/div><div class='lshowcase-wrap-normal'><div class=\"lshowcase-box-normal\"><div class=\"lshowcase-boxInner-normal\" style=\"width:180px; align:center; text-align:center;\"><a href='http:\/\/www.aqm.ca\/en' target='_blank'><img src='https:\/\/casteliers.ca\/2015\/wp-content\/uploads\/2015\/09\/AQM-UNIMA-logo-cmyk-1.jpg' width='177'  height = '120'  alt='' title='03_AQM' class='lshowcase-boxhighlight' \/><\/a><\/div><\/div><\/div><div class='lshowcase-wrap-normal'><div class=\"lshowcase-box-normal\"><div class=\"lshowcase-boxInner-normal\" style=\"width:180px; align:center; text-align:center;\"><a href='https:\/\/montreal.ca\/lieux\/bibliotheque-robert-bourassa' target='_blank'><img src='https:\/\/casteliers.ca\/2015\/wp-content\/uploads\/2023\/09\/Bibliotheques_logo_4c_bordure_plus.jpg' width='180'  height = '73'  alt='Biblioth\u00e8que Robert-Bourassa' title='Biblioth\u00e8que Robert-Bourassa' class='lshowcase-boxhighlight' \/><\/a><\/div><\/div><\/div><div class='lshowcase-wrap-normal'><div class=\"lshowcase-box-normal\"><div class=\"lshowcase-boxInner-normal\" style=\"width:180px; align:center; text-align:center;\"><a href='https:\/\/lefifa.com\/' target='_blank'><img src='https:\/\/casteliers.ca\/2015\/wp-content\/uploads\/2025\/03\/FIFA43-LOGO-NOIR.png' width='180'  height = '85'  alt='' title='FIFA 43' class='lshowcase-boxhighlight' \/><\/a><\/div><\/div><\/div><div class='lshowcase-wrap-normal'><div class=\"lshowcase-box-normal\"><div class=\"lshowcase-boxInner-normal\" style=\"width:180px; align:center; text-align:center;\"><a href='https:\/\/www.erudit.org\/en\/journals\/jeu\/2017-n162-jeu02982\/85079ac.pdf' target='_blank'><img src='https:\/\/casteliers.ca\/2015\/wp-content\/uploads\/2023\/09\/Logo_Schatz_80px.jpg' width='80'  height = '80'  alt='' title='Logo Schatz' class='lshowcase-boxhighlight' \/><\/a><\/div><\/div><\/div><\/div><\/div><div class=\"lshowcase-clear-both\">&nbsp;<\/div>\n<p>&nbsp;<\/p>\n<p>&nbsp;<\/p>\n<h2>SUSTAINABILITY PARTNERS<\/h2>\n<div class=\"lshowcase-clear-both\">&nbsp;<\/div><div class=\"lshowcase-logos\"><div  ><div class='lshowcase-wrap-normal'><div class=\"lshowcase-box-normal\"><div class=\"lshowcase-boxInner-normal\" style=\"width:180px; align:center; text-align:center;\"><a href='https:\/\/evenementecoresponsable.com\/' target='_blank'><img src='https:\/\/casteliers.ca\/2015\/wp-content\/uploads\/2023\/09\/Logo_CQEER.jpg' width='180'  height = '85'  alt='' title='01_Logo_CQEER' class='lshowcase-boxhighlight' \/><\/a><\/div><\/div><\/div><div class='lshowcase-wrap-normal'><div class=\"lshowcase-box-normal\"><div class=\"lshowcase-boxInner-normal\" style=\"width:180px; align:center; text-align:center;\"><a href='https:\/\/carboneboreal.uqac.ca\/' target='_blank'><img src='https:\/\/casteliers.ca\/2015\/wp-content\/uploads\/2025\/05\/logo-carbone-boreal.png' width='180'  height = '53'  alt='' title='Carbone Bor\u00e9al' class='lshowcase-boxhighlight' \/><\/a><\/div><\/div><\/div><\/div><\/div><div class=\"lshowcase-clear-both\">&nbsp;<\/div>\n<p>&nbsp;<\/p>\n<p>&nbsp;<\/p>\n<h2>2025 BENEFIT EVENT PARTNERS<\/h2>\n<!-- Empty Logos Showcase Container -->\n<p>&nbsp;<\/p>\n<p>&nbsp;<\/p>\n<p>&nbsp;<\/p>\n","protected":false},"excerpt":{"rendered":"<p>Become a Casteliers partner and contribute to the development of puppetry! Whether your organization is looking to sponsor one of our events or any other type of activity, we are committed to creating tailor-made packages that meet your specific goals and reach your target audience. Contact us: If you are looking to build a rewarding [&hellip;]<\/p>\n","protected":false},"author":1,"featured_media":0,"parent":0,"menu_order":120,"comment_status":"closed","ping_status":"closed","template":"","meta":{"footnotes":"","_links_to":"","_links_to_target":""},"class_list":["post-33","page","type-page","status-publish","hentry"],"_links":{"self":[{"href":"https:\/\/casteliers.ca\/en\/wp-json\/wp\/v2\/pages\/33","targetHints":{"allow":["GET"]}}],"collection":[{"href":"https:\/\/casteliers.ca\/en\/wp-json\/wp\/v2\/pages"}],"about":[{"href":"https:\/\/casteliers.ca\/en\/wp-json\/wp\/v2\/types\/page"}],"author":[{"embeddable":true,"href":"https:\/\/casteliers.ca\/en\/wp-json\/wp\/v2\/users\/1"}],"replies":[{"embeddable":true,"href":"https:\/\/casteliers.ca\/en\/wp-json\/wp\/v2\/comments?post=33"}],"version-history":[{"count":21,"href":"https:\/\/casteliers.ca\/en\/wp-json\/wp\/v2\/pages\/33\/revisions"}],"predecessor-version":[{"id":11011,"href":"https:\/\/casteliers.ca\/en\/wp-json\/wp\/v2\/pages\/33\/revisions\/11011"}],"wp:attachment":[{"href":"https:\/\/casteliers.ca\/en\/wp-json\/wp\/v2\/media?parent=33"}],"curies":[{"name":"wp","href":"https:\/\/api.w.org\/{rel}","templated":true}]}}